{"id":9578,"date":"2022-09-29T19:00:16","date_gmt":"2022-09-29T19:00:16","guid":{"rendered":"https:\/\/beauvoir.ca\/?page_id=9578"},"modified":"2022-09-29T19:16:22","modified_gmt":"2022-09-29T19:16:22","slug":"social-media-and-influencer-marketing","status":"publish","type":"page","link":"https:\/\/beauvoir.ca\/en\/services\/social-media-and-influencer-marketing\/","title":{"rendered":"Social media and influencer marketing"},"content":{"rendered":"<section class=\"b-header-text style-default\" data-block data-watch data-watch-delay=\"2060\">\n\t<div class=\"container\">\n\n\t\t\t\t\t<div class=\"b-header-text-heading wysiwyg\" data-break-lines=\"h1,h2,h3\">\n\t\t\t\t<h1>Social media and influencer marketing<\/h1>\n\n\t\t\t<\/div>\n\t\t\n\t\t\t\t\t<div class=\"b-header-text-content wysiwyg\">\n\t\t\t\t<p>Guiding you through an ever-changing landscape<\/p>\n\n\t\t\t<\/div>\n\t\t\n\t<\/div>\n<\/section>\n\n<section class=\"b-arrow-down\" data-block data-watch data-watch-delay=\"60\">\n\t<div class=\"container\">\n\t\t<div class=\"b-arrow-down-arrow\">\n\t\t\t<div class=\"b-arrow-down-arrow-bar\"><\/div>\n\t\t\t<div class=\"b-arrow-down-arrow-top\"><\/div>\n\t\t\t<div class=\"b-arrow-down-arrow-bot\"><\/div>\n\t\t<\/div>\n\t<\/div>\n<\/section>\n\n<section class=\"b-text-aside\" data-block data-watch data-watch-delay=\"60\">\n\t<div class=\"container\">\n\n\t\t\t\t\t<div class=\"b-text-aside-heading wysiwyg\" data-break-lines=\"h1,h2,h3\">\n\t\t\t\t<h2>Communicating genuinely with your audience\u2014both today\u2019s and tomorrow\u2019s<\/h2>\n\n\t\t\t<\/div>\n\t\t\n\t\t<div class=\"b-text-aside-body\">\n\n\t\t\t<!--div\n\t\t\t\tclass=\"b-text-aside-side\"\n\t\t\t\tdata-scroll-animation=\"transform\"\n\t\t\t\tdata-scroll-animation-format=\"translateY(%v)\"\n\t\t\t\tdata-scroll-animation-min=\"-60\"\n\t\t\t\tdata-scroll-animation-max=\"+60\"\n\t\t\t\tdata-scroll-animation-target=\".image\">\n\t\t\t\t<div class=\"image image--fit \">\n\t\t\t\t<div class=\"frame\">\n\t\t\t\t\t<picture>\n\t\t\t\t\t\t<source srcset=\"https:\/\/cdn.beauvoir.ca\/uploads\/2022\/09\/IMG_1186.jpg\" type=\"image\/jpeg\"\/>\n\t\t\t\t\t\t<img data-src=\"https:\/\/cdn.beauvoir.ca\/uploads\/2022\/09\/IMG_1186.jpg\" class=\"lazy\">\n\t\t\t\t\t<\/picture>\n\t\t\t\t<\/div>\n\t\t\t<\/div>\n\t\t\t<\/div-->\n\n            <div class=\"b-text-aside-side desktop\">\n                <div class=\"image image--fit \">\n\t\t\t\t<div class=\"frame\">\n\t\t\t\t\t<picture>\n\t\t\t\t\t\t<source srcset=\"https:\/\/cdn.beauvoir.ca\/uploads\/2022\/09\/IMG_1186.jpg\" type=\"image\/jpeg\"\/>\n\t\t\t\t\t\t<img data-src=\"https:\/\/cdn.beauvoir.ca\/uploads\/2022\/09\/IMG_1186.jpg\" class=\"lazy\">\n\t\t\t\t\t<\/picture>\n\t\t\t\t<\/div>\n\t\t\t<\/div>\n\t\t\t<\/div>\n\n            <div class=\"b-text-aside-side mobile\">\n                                    <div class=\"image image--fit \">\n\t\t\t\t<div class=\"frame\">\n\t\t\t\t\t<picture>\n\t\t\t\t\t\t<source srcset=\"https:\/\/cdn.beauvoir.ca\/uploads\/2022\/09\/IMG_1186.jpg\" type=\"image\/jpeg\"\/>\n\t\t\t\t\t\t<img data-src=\"https:\/\/cdn.beauvoir.ca\/uploads\/2022\/09\/IMG_1186.jpg\" class=\"lazy\">\n\t\t\t\t\t<\/picture>\n\t\t\t\t<\/div>\n\t\t\t<\/div>\n                \t\t\t<\/div>\n\n\n\n\n\t\t\t<div class=\"b-text-aside-main\">\n\t\t\t\t<div class=\"b-text-aside-content wysiwyg\">\n\t\t\t\t\t<p>These days, something as simple as a single TikTok video can propel your brand into the stratosphere. But is it really that easy? The social media landscape is continuously evolving, which makes it more complex than ever. What are the right messages? The appropriate humour? What types of videos are popular? Our team &#8211; with their fingers on the pulse &#8211; serves as a personal guide through this one-of-a-kind digital world. <\/p>\n<p>Overall, social media, influencer marketing and content creation enable your brand to be poised for online success by adapting its messages to each online platform. Social media initiatives allow you to strengthen your ties with your current audience while also bringing new potential customers into the fold. Our service offer, detailed below, is adaptable to B2B and B2C, and adjusts to your industry and business objectives.<\/p>\n\n\t\t\t\t<\/div>\n\t\t\t<\/div>\n\n\t\t<\/div>\n\n\t<\/div>\n<\/section>\n\n<section class=\"b-text-mosaic\" data-block data-watch data-watch-delay=\"60\">\n\t<div class=\"container\">\n\n\t\t\t\t\t<div class=\"b-text-mosaic-heading wysiwyg\" data-break-lines=\"h1,h2,h3\">\n\t\t\t\t<h2>Strategy: reflect, analyze, position<\/h2>\n\n\t\t\t<\/div>\n\t\t\n\t\t\t\t\t<div class=\"b-text-mosaic-content wysiwyg\">\n\t\t\t\t<p>Informed strategic reflection is an essential key to effectively operating social media . How do you convey your brand image and adapt your messages to these specific communication channels? Our experts work on social media positioning and goals all while adhering to best practices in order to bring your brand to life in this complex and vibrant ecosystem.<\/p>\n<p><strong>Social media strategy<\/strong><\/p>\n<ul>\n<li>Audit and analyze the competition<\/li>\n<li>Consider the value proposition<\/li>\n<li> Establish and identify global objectives, platforms required, frequency, tone, and content parameters.<\/li>\n<li>Optimize platforms<\/li>\n<\/ul>\n<p><strong>Analysis and performance<\/strong><\/p>\n<ul>\n<li>Performance and initiative analysis dashboard for social media<\/li>\n<\/ul>\n\n\t\t\t<\/div>\n\t\t\n\t\t<div class=\"b-text-mosaic-images\">\n\t\t\t\t\t\t\t\n\t\t\t<div\n\t\t\t\tclass=\"photo\"\n\t\t\t\tstyle=\"width: 20.833333333333vw; height: 34.722222222222vw; top: -27.777777777778vw; left: 48.611111111111vw; right: 0vw; \"\n\t\t\t\tdata-watch\n\t\t\t\tdata-watch-enter=\"0.50\"\n\t\t\t\tdata-watch-class=\"item-visible-on-screen\"\n\t\t\t\tdata-watch-delay=\"1\"\n\t\t\t\tdata-parallax=\"soft\">\n\n\t\t\t\t\n\t\t\t\t\n\t\t\t\t\t\n\t\t\t\t\t<div class=\"image image--mode-background\">\n\t\t\t\t\t\t<div class=\"frame\">\n\t\t\t\t\t\t\t<picture>\n\t\t\t\t\t\t\t\t<source srcset=\"https:\/\/cdn.beauvoir.ca\/uploads\/2022\/09\/IMG_1113-1.jpg\" type=\"image\/jpeg\"\/>\n\t\t\t\t\t\t\t\t<img data-src=\"https:\/\/cdn.beauvoir.ca\/uploads\/2022\/09\/IMG_1113-1.jpg\" class=\"lazy\">\n\t\t\t\t\t\t\t<\/picture>\n\t\t\t\t\t\t<\/div>\n\t\t\t\t\t<\/div>\n\n\t\t\t\t\n\t\t\t\t\n\t\t\t<\/div>\n\n\t\t\n\t\t\t\t\t<\/div>\n\n\t<\/div>\n<\/section>\n\n<section class=\"b-text-aside\" data-block data-watch data-watch-delay=\"60\">\n\t<div class=\"container\">\n\n\t\t\t\t\t<div class=\"b-text-aside-heading wysiwyg\" data-break-lines=\"h1,h2,h3\">\n\t\t\t\t<h2>Management: Build, Execute, Engage<\/h2>\n\n\t\t\t<\/div>\n\t\t\n\t\t<div class=\"b-text-aside-body\">\n\n\t\t\t<!--div\n\t\t\t\tclass=\"b-text-aside-side\"\n\t\t\t\tdata-scroll-animation=\"transform\"\n\t\t\t\tdata-scroll-animation-format=\"translateY(%v)\"\n\t\t\t\tdata-scroll-animation-min=\"-60\"\n\t\t\t\tdata-scroll-animation-max=\"+60\"\n\t\t\t\tdata-scroll-animation-target=\".image\">\n\t\t\t\t<div class=\"image image--fit \">\n\t\t\t\t<div class=\"frame\">\n\t\t\t\t\t<picture>\n\t\t\t\t\t\t<source srcset=\"https:\/\/cdn.beauvoir.ca\/uploads\/2022\/09\/IMG_1242.jpg\" type=\"image\/jpeg\"\/>\n\t\t\t\t\t\t<img data-src=\"https:\/\/cdn.beauvoir.ca\/uploads\/2022\/09\/IMG_1242.jpg\" class=\"lazy\">\n\t\t\t\t\t<\/picture>\n\t\t\t\t<\/div>\n\t\t\t<\/div>\n\t\t\t<\/div-->\n\n            <div class=\"b-text-aside-side desktop\">\n                <div class=\"image image--fit \">\n\t\t\t\t<div class=\"frame\">\n\t\t\t\t\t<picture>\n\t\t\t\t\t\t<source srcset=\"https:\/\/cdn.beauvoir.ca\/uploads\/2022\/09\/IMG_1242.jpg\" type=\"image\/jpeg\"\/>\n\t\t\t\t\t\t<img data-src=\"https:\/\/cdn.beauvoir.ca\/uploads\/2022\/09\/IMG_1242.jpg\" class=\"lazy\">\n\t\t\t\t\t<\/picture>\n\t\t\t\t<\/div>\n\t\t\t<\/div>\n\t\t\t<\/div>\n\n            <div class=\"b-text-aside-side mobile\">\n                                    <div class=\"image image--fit \">\n\t\t\t\t<div class=\"frame\">\n\t\t\t\t\t<picture>\n\t\t\t\t\t\t<source srcset=\"https:\/\/cdn.beauvoir.ca\/uploads\/2022\/09\/IMG_1242.jpg\" type=\"image\/jpeg\"\/>\n\t\t\t\t\t\t<img data-src=\"https:\/\/cdn.beauvoir.ca\/uploads\/2022\/09\/IMG_1242.jpg\" class=\"lazy\">\n\t\t\t\t\t<\/picture>\n\t\t\t\t<\/div>\n\t\t\t<\/div>\n                \t\t\t<\/div>\n\n\n\n\n\t\t\t<div class=\"b-text-aside-main\">\n\t\t\t\t<div class=\"b-text-aside-content wysiwyg\">\n\t\t\t\t\t<p>Once the strategy is in place, our team manages your brand\u2019s multiple social media platforms, creates and publishes relevant content, and interacts with your community.<\/p>\n<p><strong>Social media management<\/strong><\/p>\n<ul>\n<li>Editorial planning and writing<\/li>\n<li>Platform publishing and monitoring<\/li>\n<\/ul>\n<p><strong>Community management<\/strong><\/p>\n<ul>\n<li>Passive: reply to all comments and private messages in a timely manner\n<\/li>\n<li>Active: comment on other relevant accounts and posts, building new connections to increase the conversation size of your community and audience<\/li>\n<\/ul>\n<p><strong>Influencers and influencer campaign management<\/strong><\/p>\n<ul>\n<li>Create campaigns<\/li>\n<li>Select appropriate influencers<\/li>\n<li>Negotiate contracts<\/li>\n<li>Supervise deliverables<\/li>\n<li>Analyze performance<\/li>\n<\/ul>\n<p><strong>Social media ad buying management<\/strong><\/p>\n\n\t\t\t\t<\/div>\n\t\t\t<\/div>\n\n\t\t<\/div>\n\n\t<\/div>\n<\/section>\n\n<section class=\"b-text-aside\" data-block data-watch data-watch-delay=\"60\">\n\t<div class=\"container\">\n\n\t\t\t\t\t<div class=\"b-text-aside-heading wysiwyg\" data-break-lines=\"h1,h2,h3\">\n\t\t\t\t<h2>Content creation: create, connect, retain<\/h2>\n\n\t\t\t<\/div>\n\t\t\n\t\t<div class=\"b-text-aside-body\">\n\n\t\t\t<!--div\n\t\t\t\tclass=\"b-text-aside-side\"\n\t\t\t\tdata-scroll-animation=\"transform\"\n\t\t\t\tdata-scroll-animation-format=\"translateY(%v)\"\n\t\t\t\tdata-scroll-animation-min=\"-60\"\n\t\t\t\tdata-scroll-animation-max=\"+60\"\n\t\t\t\tdata-scroll-animation-target=\".image\">\n\t\t\t\t<div class=\"image image--fit \">\n\t\t\t\t<div class=\"frame\">\n\t\t\t\t\t<picture>\n\t\t\t\t\t\t<source srcset=\"https:\/\/cdn.beauvoir.ca\/uploads\/2022\/09\/IMG_1262.jpg\" type=\"image\/jpeg\"\/>\n\t\t\t\t\t\t<img data-src=\"https:\/\/cdn.beauvoir.ca\/uploads\/2022\/09\/IMG_1262.jpg\" class=\"lazy\">\n\t\t\t\t\t<\/picture>\n\t\t\t\t<\/div>\n\t\t\t<\/div>\n\t\t\t<\/div-->\n\n            <div class=\"b-text-aside-side desktop\">\n                <div class=\"image image--fit \">\n\t\t\t\t<div class=\"frame\">\n\t\t\t\t\t<picture>\n\t\t\t\t\t\t<source srcset=\"https:\/\/cdn.beauvoir.ca\/uploads\/2022\/09\/IMG_1262.jpg\" type=\"image\/jpeg\"\/>\n\t\t\t\t\t\t<img data-src=\"https:\/\/cdn.beauvoir.ca\/uploads\/2022\/09\/IMG_1262.jpg\" class=\"lazy\">\n\t\t\t\t\t<\/picture>\n\t\t\t\t<\/div>\n\t\t\t<\/div>\n\t\t\t<\/div>\n\n            <div class=\"b-text-aside-side mobile\">\n                                    <div class=\"image image--fit \">\n\t\t\t\t<div class=\"frame\">\n\t\t\t\t\t<picture>\n\t\t\t\t\t\t<source srcset=\"https:\/\/cdn.beauvoir.ca\/uploads\/2022\/09\/IMG_1262.jpg\" type=\"image\/jpeg\"\/>\n\t\t\t\t\t\t<img data-src=\"https:\/\/cdn.beauvoir.ca\/uploads\/2022\/09\/IMG_1262.jpg\" class=\"lazy\">\n\t\t\t\t\t<\/picture>\n\t\t\t\t<\/div>\n\t\t\t<\/div>\n                \t\t\t<\/div>\n\n\n\n\n\t\t\t<div class=\"b-text-aside-main\">\n\t\t\t\t<div class=\"b-text-aside-content wysiwyg\">\n\t\t\t\t\t<p>Quality, relevant content is crucial for interacting with your target audience and starting new engaging conversations with new audiences. Thanks to our integrated creative approach, our best people offer comprehensive, coherent and streamlined results.<\/p>\n<li> Photos and short-form videos created specifically for all social media platforms. (Facebook, Instagram, Twitter, LinkedIn et TikTok)<\/li>\n\n\t\t\t\t<\/div>\n\t\t\t<\/div>\n\n\t\t<\/div>\n\n\t<\/div>\n<\/section>\n\n<section class=\"b-text green-foreground\" data-block data-watch data-watch-delay=\"60\">\n\t<div class=\"container\">\n\t\t<div class=\"b-text-content wysiwyg\">\n\t\t\t<p class=\"text-emphasize\">Interested?<\/p>\n<p><a class=\"button button--rect\" href=\"\/en\/contact\/\">Tell us about your project<\/a><\/p>\n\n\t\t<\/div>\n\t<\/div>\n<\/section>\n\n<section class=\"b-navigate green-background white-foreground\" data-block data-watch data-watch-enter=\"0.75\" data-watch-delay=\"60\">\n\t<div class=\"container\">\n\n\t\t<div class=\"b-navigate-overlay wysiwyg\"><\/div>\n\t\t<div class=\"b-navigate-content wysiwyg\">\n\t\t\t<a href=\"https:\/\/beauvoir.ca\/en\/services\/graphic-design\/\" data-break-lines=\"p\"><p><span class=\"text-space-between\">Scroll for the next<\/span><br \/>\nService<\/p>\n<\/a>\n\t\t<\/div>\n\n\t\t<div class=\"b-navigate-loading\">\n\n\t\t\t<div class=\"b-navigate-loading-content\">\n\t\t\t\t<div class=\"b-navigate-loading-title wysiwyg\"><p><span class=\"text-space-between\">Scroll for the next<\/span><br \/>\nService<\/p>\n<\/div>\n\t\t\t\t<div class=\"b-navigate-loading-value wysiwyg\"><p><span class=\"text-space-between\">Scroll for the next<\/span><br \/>\nService<\/p>\n<\/div>\n\t\t\t<\/div>\n\n\t\t\t\n\t\t<\/div>\n\n\t<\/div>\n<\/section>","protected":false},"excerpt":{"rendered":"","protected":false},"author":1,"featured_media":0,"parent":2269,"menu_order":1,"comment_status":"closed","ping_status":"closed","template":"","meta":{"_acf_changed":false,"inline_featured_image":false,"footnotes":""},"class_list":["post-9578","page","type-page","status-publish","hentry"],"acf":[],"yoast_head":"<!-- This site is optimized with the Yoast SEO plugin v24.8.1 - https:\/\/yoast.com\/wordpress\/plugins\/seo\/ -->\n<title>Social media and influencer marketing | Beauvoir Agency<\/title>\n<meta name=\"description\" content=\"Overall, social media, influencer marketing and content creation enable your brand to be poised for online success by adapting its messages to each online platform. Social media initiatives allow you to strengthen your ties with your current audience while also bringing new potential customers into the fold. Our service offer, detailed below, is adaptable to B2B and B2C, and adjusts to your industry and business objectives.\" \/>\n<meta name=\"robots\" content=\"index, follow, max-snippet:-1, max-image-preview:large, max-video-preview:-1\" \/>\n<link rel=\"canonical\" href=\"https:\/\/beauvoir.ca\/en\/services\/social-media-and-influencer-marketing\/\" \/>\n<meta property=\"og:locale\" content=\"en_US\" \/>\n<meta property=\"og:type\" content=\"article\" \/>\n<meta property=\"og:title\" content=\"Social media and influencer marketing | Beauvoir Agency\" \/>\n<meta property=\"og:description\" content=\"Overall, social media, influencer marketing and content creation enable your brand to be poised for online success by adapting its messages to each online platform. Social media initiatives allow you to strengthen your ties with your current audience while also bringing new potential customers into the fold. Our service offer, detailed below, is adaptable to B2B and B2C, and adjusts to your industry and business objectives.\" \/>\n<meta property=\"og:url\" content=\"https:\/\/beauvoir.ca\/en\/services\/social-media-and-influencer-marketing\/\" \/>\n<meta property=\"og:site_name\" content=\"Beauvoir\" \/>\n<meta property=\"article:modified_time\" content=\"2022-09-29T19:16:22+00:00\" \/>\n<meta property=\"og:image\" content=\"https:\/\/cdn.beauvoir.ca\/uploads\/2019\/09\/beauvoir-agence-creative-integree-facebook-1200x630.jpg\" \/>\n\t<meta property=\"og:image:width\" content=\"1200\" \/>\n\t<meta property=\"og:image:height\" content=\"630\" \/>\n\t<meta property=\"og:image:type\" content=\"image\/jpeg\" \/>\n<meta name=\"twitter:card\" content=\"summary_large_image\" \/>\n<script type=\"application\/ld+json\" class=\"yoast-schema-graph\">{\"@context\":\"https:\/\/schema.org\",\"@graph\":[{\"@type\":\"WebPage\",\"@id\":\"https:\/\/beauvoir.ca\/en\/services\/social-media-and-influencer-marketing\/\",\"url\":\"https:\/\/beauvoir.ca\/en\/services\/social-media-and-influencer-marketing\/\",\"name\":\"Social media and influencer marketing | Beauvoir Agency\",\"isPartOf\":{\"@id\":\"https:\/\/beauvoir.ca\/#website\"},\"datePublished\":\"2022-09-29T19:00:16+00:00\",\"dateModified\":\"2022-09-29T19:16:22+00:00\",\"description\":\"Overall, social media, influencer marketing and content creation enable your brand to be poised for online success by adapting its messages to each online platform. Social media initiatives allow you to strengthen your ties with your current audience while also bringing new potential customers into the fold. Our service offer, detailed below, is adaptable to B2B and B2C, and adjusts to your industry and business objectives.\",\"breadcrumb\":{\"@id\":\"https:\/\/beauvoir.ca\/en\/services\/social-media-and-influencer-marketing\/#breadcrumb\"},\"inLanguage\":\"en-CA\",\"potentialAction\":[{\"@type\":\"ReadAction\",\"target\":[\"https:\/\/beauvoir.ca\/en\/services\/social-media-and-influencer-marketing\/\"]}]},{\"@type\":\"BreadcrumbList\",\"@id\":\"https:\/\/beauvoir.ca\/en\/services\/social-media-and-influencer-marketing\/#breadcrumb\",\"itemListElement\":[{\"@type\":\"ListItem\",\"position\":1,\"name\":\"Accueil\",\"item\":\"https:\/\/beauvoir.ca\/en\/\"},{\"@type\":\"ListItem\",\"position\":2,\"name\":\"Services\",\"item\":\"https:\/\/beauvoir.ca\/en\/services\/\"},{\"@type\":\"ListItem\",\"position\":3,\"name\":\"Social media and influencer marketing\"}]},{\"@type\":\"WebSite\",\"@id\":\"https:\/\/beauvoir.ca\/#website\",\"url\":\"https:\/\/beauvoir.ca\/\",\"name\":\"Beauvoir\",\"description\":\"Agence Cr\u00e9ative Int\u00e9gr\u00e9e\",\"potentialAction\":[{\"@type\":\"SearchAction\",\"target\":{\"@type\":\"EntryPoint\",\"urlTemplate\":\"https:\/\/beauvoir.ca\/?s={search_term_string}\"},\"query-input\":{\"@type\":\"PropertyValueSpecification\",\"valueRequired\":true,\"valueName\":\"search_term_string\"}}],\"inLanguage\":\"en-CA\"}]}<\/script>\n<!-- \/ Yoast SEO plugin. -->","yoast_head_json":{"title":"Social media and influencer marketing | Beauvoir Agency","description":"Overall, social media, influencer marketing and content creation enable your brand to be poised for online success by adapting its messages to each online platform. Social media initiatives allow you to strengthen your ties with your current audience while also bringing new potential customers into the fold. Our service offer, detailed below, is adaptable to B2B and B2C, and adjusts to your industry and business objectives.","robots":{"index":"index","follow":"follow","max-snippet":"max-snippet:-1","max-image-preview":"max-image-preview:large","max-video-preview":"max-video-preview:-1"},"canonical":"https:\/\/beauvoir.ca\/en\/services\/social-media-and-influencer-marketing\/","og_locale":"en_US","og_type":"article","og_title":"Social media and influencer marketing | Beauvoir Agency","og_description":"Overall, social media, influencer marketing and content creation enable your brand to be poised for online success by adapting its messages to each online platform. Social media initiatives allow you to strengthen your ties with your current audience while also bringing new potential customers into the fold. Our service offer, detailed below, is adaptable to B2B and B2C, and adjusts to your industry and business objectives.","og_url":"https:\/\/beauvoir.ca\/en\/services\/social-media-and-influencer-marketing\/","og_site_name":"Beauvoir","article_modified_time":"2022-09-29T19:16:22+00:00","og_image":[{"width":1200,"height":630,"url":"https:\/\/cdn.beauvoir.ca\/uploads\/2019\/09\/beauvoir-agence-creative-integree-facebook-1200x630.jpg","type":"image\/jpeg"}],"twitter_card":"summary_large_image","schema":{"@context":"https:\/\/schema.org","@graph":[{"@type":"WebPage","@id":"https:\/\/beauvoir.ca\/en\/services\/social-media-and-influencer-marketing\/","url":"https:\/\/beauvoir.ca\/en\/services\/social-media-and-influencer-marketing\/","name":"Social media and influencer marketing | Beauvoir Agency","isPartOf":{"@id":"https:\/\/beauvoir.ca\/#website"},"datePublished":"2022-09-29T19:00:16+00:00","dateModified":"2022-09-29T19:16:22+00:00","description":"Overall, social media, influencer marketing and content creation enable your brand to be poised for online success by adapting its messages to each online platform. Social media initiatives allow you to strengthen your ties with your current audience while also bringing new potential customers into the fold. Our service offer, detailed below, is adaptable to B2B and B2C, and adjusts to your industry and business objectives.","breadcrumb":{"@id":"https:\/\/beauvoir.ca\/en\/services\/social-media-and-influencer-marketing\/#breadcrumb"},"inLanguage":"en-CA","potentialAction":[{"@type":"ReadAction","target":["https:\/\/beauvoir.ca\/en\/services\/social-media-and-influencer-marketing\/"]}]},{"@type":"BreadcrumbList","@id":"https:\/\/beauvoir.ca\/en\/services\/social-media-and-influencer-marketing\/#breadcrumb","itemListElement":[{"@type":"ListItem","position":1,"name":"Accueil","item":"https:\/\/beauvoir.ca\/en\/"},{"@type":"ListItem","position":2,"name":"Services","item":"https:\/\/beauvoir.ca\/en\/services\/"},{"@type":"ListItem","position":3,"name":"Social media and influencer marketing"}]},{"@type":"WebSite","@id":"https:\/\/beauvoir.ca\/#website","url":"https:\/\/beauvoir.ca\/","name":"Beauvoir","description":"Agence Cr\u00e9ative Int\u00e9gr\u00e9e","potentialAction":[{"@type":"SearchAction","target":{"@type":"EntryPoint","urlTemplate":"https:\/\/beauvoir.ca\/?s={search_term_string}"},"query-input":{"@type":"PropertyValueSpecification","valueRequired":true,"valueName":"search_term_string"}}],"inLanguage":"en-CA"}]}},"_links":{"self":[{"href":"https:\/\/beauvoir.ca\/en\/wp-json\/wp\/v2\/pages\/9578","targetHints":{"allow":["GET"]}}],"collection":[{"href":"https:\/\/beauvoir.ca\/en\/wp-json\/wp\/v2\/pages"}],"about":[{"href":"https:\/\/beauvoir.ca\/en\/wp-json\/wp\/v2\/types\/page"}],"author":[{"embeddable":true,"href":"https:\/\/beauvoir.ca\/en\/wp-json\/wp\/v2\/users\/1"}],"replies":[{"embeddable":true,"href":"https:\/\/beauvoir.ca\/en\/wp-json\/wp\/v2\/comments?post=9578"}],"version-history":[{"count":6,"href":"https:\/\/beauvoir.ca\/en\/wp-json\/wp\/v2\/pages\/9578\/revisions"}],"predecessor-version":[{"id":9684,"href":"https:\/\/beauvoir.ca\/en\/wp-json\/wp\/v2\/pages\/9578\/revisions\/9684"}],"up":[{"embeddable":true,"href":"https:\/\/beauvoir.ca\/en\/wp-json\/wp\/v2\/pages\/2269"}],"wp:attachment":[{"href":"https:\/\/beauvoir.ca\/en\/wp-json\/wp\/v2\/media?parent=9578"}],"curies":[{"name":"wp","href":"https:\/\/api.w.org\/{rel}","templated":true}]}}