{"id":5561,"date":"2020-02-25T19:51:35","date_gmt":"2020-02-25T19:51:35","guid":{"rendered":"https:\/\/beauvoir.ca\/?page_id=5561"},"modified":"2020-05-27T14:15:38","modified_gmt":"2020-05-27T14:15:38","slug":"meet-beauvoir-2","status":"publish","type":"page","link":"https:\/\/beauvoir.ca\/en\/meet-beauvoir-2\/","title":{"rendered":"Meet Beauvoir"},"content":{"rendered":"<section class=\"b-header-text style-\" data-block data-watch data-watch-delay=\"2060\">\n\t<div class=\"container\">\n\n\t\t\t\t\t<div class=\"b-header-text-heading wysiwyg\" data-break-lines=\"h1,h2,h3\">\n\t\t\t\t<h1>MEET BEAUVOIR<\/h1>\n\n\t\t\t<\/div>\n\t\t\n\t\t\t\t\t<div class=\"b-header-text-content wysiwyg\">\n\t\t\t\t<p class=\"text-emphasize\">The strength of a creative agency, the nimbleness of a production studio.<\/p>\n<p>Having mastered the art of branding and design, we put storytelling at the center of our approach, especially when it comes to content creation. Creativity and relevance drive us, whether we\u2019re managing advertising campaigns from A to Z, shooting for a video or crafting surprising Web experiences through compelling design.<\/p>\n\n\t\t\t<\/div>\n\t\t\n\t<\/div>\n<\/section>\n\n<section class=\"block block-image-list\">\n\n            <div class=\"image-list-bundle\">\n\n            <div class=\"row row-1\">\n\n                                    <div class=\"image-1\"><div class=\"image image--fit \">\n\t\t\t\t<div class=\"frame\">\n\t\t\t\t\t<picture>\n\t\t\t\t\t\t<source srcset=\"https:\/\/cdn.beauvoir.ca\/uploads\/2019\/10\/JDLC-Marjo.gif\" type=\"image\/gif\"\/>\n\t\t\t\t\t\t<img data-src=\"https:\/\/cdn.beauvoir.ca\/uploads\/2019\/10\/JDLC-Marjo.gif\" class=\"lazy\">\n\t\t\t\t\t<\/picture>\n\t\t\t\t<\/div>\n\t\t\t<\/div><\/div>\n                \n                                    <!--div class=\"image-2\"><div class=\"image image--fit \">\n\t\t\t\t<div class=\"frame\">\n\t\t\t\t\t<picture>\n\t\t\t\t\t\t<source srcset=\"https:\/\/cdn.beauvoir.ca\/uploads\/2019\/10\/beauvoir-bombardier-nuage-collection-aircraft.jpg\" type=\"image\/jpeg\"\/>\n\t\t\t\t\t\t<img data-src=\"https:\/\/cdn.beauvoir.ca\/uploads\/2019\/10\/beauvoir-bombardier-nuage-collection-aircraft.jpg\" class=\"lazy\">\n\t\t\t\t\t<\/picture>\n\t\t\t\t<\/div>\n\t\t\t<\/div><\/div-->\n                    <div\n                        class=\"image-2\"\n                        data-scroll-animation=\"transform\"\n                        data-scroll-animation-format=\"translateY(%v)\"\n                        data-scroll-animation-min=\"+30\"\n                        data-scroll-animation-max=\"-30\"\n                        data-scroll-animation-target=\".image\">\n                        <div class=\"image image--fit \">\n\t\t\t\t<div class=\"frame\">\n\t\t\t\t\t<picture>\n\t\t\t\t\t\t<source srcset=\"https:\/\/cdn.beauvoir.ca\/uploads\/2019\/10\/beauvoir-bombardier-nuage-collection-aircraft.jpg\" type=\"image\/jpeg\"\/>\n\t\t\t\t\t\t<img data-src=\"https:\/\/cdn.beauvoir.ca\/uploads\/2019\/10\/beauvoir-bombardier-nuage-collection-aircraft.jpg\" class=\"lazy\">\n\t\t\t\t\t<\/picture>\n\t\t\t\t<\/div>\n\t\t\t<\/div>\n                    <\/div>\n                \n            <\/div>\n\n            <div class=\"row row-2\">\n\n                                    <div class=\"image-3\"><div class=\"image image--fit \">\n\t\t\t\t<div class=\"frame\">\n\t\t\t\t\t<picture>\n\t\t\t\t\t\t<source srcset=\"https:\/\/cdn.beauvoir.ca\/uploads\/2020\/02\/Beauvoir_WebShowreel_V01-min.gif\" type=\"image\/gif\"\/>\n\t\t\t\t\t\t<img data-src=\"https:\/\/cdn.beauvoir.ca\/uploads\/2020\/02\/Beauvoir_WebShowreel_V01-min.gif\" class=\"lazy\">\n\t\t\t\t\t<\/picture>\n\t\t\t\t<\/div>\n\t\t\t<\/div><\/div>\n                \n                                    <!--div class=\"image-4\"><div class=\"image image--fit \">\n\t\t\t\t<div class=\"frame\">\n\t\t\t\t\t<picture>\n\t\t\t\t\t\t<source srcset=\"https:\/\/cdn.beauvoir.ca\/uploads\/2020\/02\/FSLA_Book_Cover_BLEU-1-1.jpg\" type=\"image\/jpeg\"\/>\n\t\t\t\t\t\t<img data-src=\"https:\/\/cdn.beauvoir.ca\/uploads\/2020\/02\/FSLA_Book_Cover_BLEU-1-1.jpg\" class=\"lazy\">\n\t\t\t\t\t<\/picture>\n\t\t\t\t<\/div>\n\t\t\t<\/div><\/div-->\n                    <div\n                        class=\"image-4\"\n                        data-scroll-animation=\"transform\"\n                        data-scroll-animation-format=\"translateY(%v)\"\n                        data-scroll-animation-min=\"-60\"\n                        data-scroll-animation-max=\"+60\"\n                        data-scroll-animation-target=\".image\">\n                        <div class=\"image image--fit \">\n\t\t\t\t<div class=\"frame\">\n\t\t\t\t\t<picture>\n\t\t\t\t\t\t<source srcset=\"https:\/\/cdn.beauvoir.ca\/uploads\/2020\/02\/FSLA_Book_Cover_BLEU-1-1.jpg\" type=\"image\/jpeg\"\/>\n\t\t\t\t\t\t<img data-src=\"https:\/\/cdn.beauvoir.ca\/uploads\/2020\/02\/FSLA_Book_Cover_BLEU-1-1.jpg\" class=\"lazy\">\n\t\t\t\t\t<\/picture>\n\t\t\t\t<\/div>\n\t\t\t<\/div>\n                    <\/div>\n                \n            <\/div>\n\n            <div class=\"row row-3\">\n\n                \n            <\/div>\n\n        <\/div>\n    \n<\/section>\n\n<section class=\"b-text black-foreground\" data-block data-watch data-watch-delay=\"60\">\n\t<div class=\"container\">\n\t\t<div class=\"b-text-content wysiwyg\">\n\t\t\t<div style=\"padding-bottom: 100px;\">\n<p class=\"text-emphasize\">What we do isn\u2019t simply \u201cpretty\u201d or \u201ccool\u201d. It\u2019s thought out to drive results.<\/p>\n<p><a class=\"button\" href=\"\/en\/portfolio\/\">See our award-winning work<\/a><\/p>\n<\/div>\n<hr \/>\n<p class=\"text-emphasize\">\u201cIntegrated creative agency\u201d implies we do pretty much everything. Wondering what that means?<\/p>\n<p><a class=\"button\" href=\"\/en\/services\/\">Discover our diversified services<\/a><\/p>\n\n\t\t<\/div>\n\t<\/div>\n<\/section>\n\n<section id=\"parlez-nous\" class=\"b-contact style-\" data-block data-watch>\n\t<div class=\"container\">\n\n\t\t<div class=\"b-contact-main\">\n\n\t\t\t<div class=\"b-contact-heading wysiwyg\" data-break-lines=\"h1,h2,h3\">\n\t\t\t\t<h2><span class=\"text-space-between\">Got a new challenge?<\/span><br \/>\nget in touch<\/h2>\n\n\t\t\t<\/div>\n\n\t\t\t<div class=\"b-contact-content wysiwyg\">\n\n\t\t\t\t\t\t\t\t\t\n<div class=\"wpcf7 no-js\" id=\"wpcf7-f5790-o1\" lang=\"en-US\" dir=\"ltr\" data-wpcf7-id=\"5790\">\n<div class=\"screen-reader-response\"><p role=\"status\" aria-live=\"polite\" aria-atomic=\"true\"><\/p> <ul><\/ul><\/div>\n<form action=\"\/en\/wp-json\/wp\/v2\/pages\/5561#wpcf7-f5790-o1\" method=\"post\" class=\"wpcf7-form init\" aria-label=\"Contact form\" novalidate=\"novalidate\" data-status=\"init\">\n<div style=\"display: none;\">\n<input type=\"hidden\" name=\"_wpcf7\" value=\"5790\" \/>\n<input type=\"hidden\" name=\"_wpcf7_version\" value=\"6.0.6\" \/>\n<input type=\"hidden\" name=\"_wpcf7_locale\" value=\"en_US\" \/>\n<input type=\"hidden\" name=\"_wpcf7_unit_tag\" value=\"wpcf7-f5790-o1\" \/>\n<input type=\"hidden\" name=\"_wpcf7_container_post\" value=\"0\" \/>\n<input type=\"hidden\" name=\"_wpcf7_posted_data_hash\" value=\"\" \/>\n<input type=\"hidden\" name=\"_wpcf7cf_hidden_group_fields\" value=\"[]\" \/>\n<input type=\"hidden\" name=\"_wpcf7cf_hidden_groups\" value=\"[]\" \/>\n<input type=\"hidden\" name=\"_wpcf7cf_visible_groups\" value=\"[]\" \/>\n<input type=\"hidden\" name=\"_wpcf7cf_repeaters\" value=\"[]\" \/>\n<input type=\"hidden\" name=\"_wpcf7cf_steps\" value=\"{}\" \/>\n<input type=\"hidden\" name=\"_wpcf7cf_options\" value=\"{&quot;form_id&quot;:5790,&quot;conditions&quot;:[],&quot;settings&quot;:{&quot;animation&quot;:&quot;yes&quot;,&quot;animation_intime&quot;:&quot;200&quot;,&quot;animation_outtime&quot;:&quot;200&quot;,&quot;conditions_ui&quot;:&quot;normal&quot;,&quot;notice_dismissed&quot;:&quot;&quot;}}\" \/>\n<input type=\"hidden\" name=\"_wpcf7_recaptcha_response\" value=\"\" \/>\n<\/div>\n<div class=\"form-section\">\n\t<div class=\"form-row\">\n\t\t<div class=\"form-field\">\n\t\t\t<p><label for=\"your-name\">Name*<\/label><br \/>\n<span class=\"wpcf7-form-control-wrap\" data-name=\"your-name\"><input size=\"40\" maxlength=\"400\" class=\"wpcf7-form-control wpcf7-text wpcf7-validates-as-required\" aria-required=\"true\" aria-invalid=\"false\" value=\"\" type=\"text\" name=\"your-name\" \/><\/span>\n\t\t\t<\/p>\n\t\t<\/div>\n\t<\/div>\n\t<div class=\"form-row\">\n\t\t<div class=\"form-field\">\n\t\t\t<p><label for=\"your-company\">Company<\/label><br \/>\n<span class=\"wpcf7-form-control-wrap\" data-name=\"your-company\"><input size=\"40\" maxlength=\"400\" class=\"wpcf7-form-control wpcf7-text\" aria-invalid=\"false\" value=\"\" type=\"text\" name=\"your-company\" \/><\/span>\n\t\t\t<\/p>\n\t\t<\/div>\n\t<\/div>\n\t<div class=\"form-row\">\n\t\t<div class=\"form-field\">\n\t\t\t<p><label for=\"your-email\">Email*<\/label><br \/>\n<span class=\"wpcf7-form-control-wrap\" data-name=\"your-email\"><input size=\"40\" maxlength=\"400\" class=\"wpcf7-form-control wpcf7-email wpcf7-validates-as-required wpcf7-text wpcf7-validates-as-email\" aria-required=\"true\" aria-invalid=\"false\" value=\"\" type=\"email\" name=\"your-email\" \/><\/span>\n\t\t\t<\/p>\n\t\t<\/div>\n\t<\/div>\n\t<div class=\"form-row\">\n\t\t<div class=\"form-field\">\n\t\t\t<p><label for=\"your-phone\">Phone*<\/label><br \/>\n<span class=\"wpcf7-form-control-wrap\" data-name=\"your-phone\"><input size=\"40\" maxlength=\"400\" class=\"wpcf7-form-control wpcf7-tel wpcf7-validates-as-required wpcf7-text wpcf7-validates-as-tel\" aria-required=\"true\" aria-invalid=\"false\" value=\"\" type=\"tel\" name=\"your-phone\" \/><\/span>\n\t\t\t<\/p>\n\t\t<\/div>\n\t<\/div>\n\t<div class=\"form-row\">\n\t\t<div class=\"form-field form-field--textarea\">\n\t\t\t<p><label for=\"your-message\">Description of your needs&#8230;<\/label><br \/>\n<span class=\"wpcf7-form-control-wrap\" data-name=\"your-message\"><textarea cols=\"40\" rows=\"10\" maxlength=\"2000\" class=\"wpcf7-form-control wpcf7-textarea\" aria-invalid=\"false\" name=\"your-message\"><\/textarea><\/span>\n\t\t\t<\/p>\n\t\t<\/div>\n\t<\/div>\n\t<div>\n\t<input class=\"wpcf7-form-control wpcf7-hidden\" value=\"\" type=\"hidden\" name=\"source\" \/>\n\t<\/div>\n<\/div>\n<div class=\"form-footer\">\n\t<div class=\"form-footer-action\">\n\t\t<p><input type=\"submit\" value=\"Send\" \/>\n\t\t<\/p>\n\t<\/div>\n<\/div>\n<p><span id=\"wpcf7-69e1b63809f72-wrapper\" class=\"wpcf7-form-control-wrap email-wrap\" style=\"display:none !important; visibility:hidden !important;\"><label for=\"wpcf7-69e1b63809f72-field\" class=\"hp-message\">Please leave this field empty.<\/label><input id=\"wpcf7-69e1b63809f72-field\"  class=\"wpcf7-form-control wpcf7-text\" type=\"text\" name=\"email\" value=\"\" size=\"40\" tabindex=\"-1\" autocomplete=\"new-password\" \/><\/span>\n<\/p><div class=\"wpcf7-response-output\" aria-hidden=\"true\"><\/div>\n<\/form>\n<\/div>\n\n\t\t\t\t\n\t\t\t<\/div>\n\n\t\t<\/div>\n\n\t\t<div class=\"b-contact-side\">\n\n\t\t\t<div class=\"b-contact-address\">\n\n\t\t\t\t\t\t\t\t\t<div class=\"b-contact-address-1 wysiwyg\">\n\t\t\t\t\t\t<h3>Sherbrooke<\/h3>\n\t\t\t\t\t\t<p>165 Wellington Street North, Suite&nbsp;100 \r\nSherbrooke (Quebec)  J1H&nbsp;5B9<\/p>\n\t\t\t\t\t<\/div>\n\t\t\t\t\n\t\t\t\t\t\t\t\t\t<div class=\"b-contact-address-2 wysiwyg\">\n\t\t\t\t\t\t<h3>Montreal<\/h3>\n\t\t\t\t\t\t<p>7260 Saint-Urbain Street, Office 503\r\nMontreal (Quebec) H2R&nbsp;2Y6\r\n<\/p>\n\t\t\t\t\t<\/div>\n\t\t\t\t\n\t\t\t\t\n\t\t\t<\/div>\n\n\t\t\t<div class=\"b-contact-connect\">\n\n\t\t\t\t<div class=\"b-contact-methods\">\n\n\t\t\t\t\t\t\t\t\t\t\t<div class=\"b-contact-phone\">\n\t\t\t\t\t\t\tT. <a href=\"tel:1 (819) 791-0895\">1 (819) 791-0895<\/a>\n\t\t\t\t\t\t<\/div>\n\t\t\t\t\t\n\t\t\t\t\t\t\t\t\t\t\t<div class=\"b-contact-email\">\n\t\t\t\t\t\t\t<a href=\"mailto:INFO@BEAUVOIR.CA\">INFO@BEAUVOIR.CA<\/a>\n\t\t\t\t\t\t<\/div>\n\t\t\t\t\t\n\n\t\t\t\t<\/div>\n\n\t\t\t\t<div class=\"b-contact-socials\">\n\t\t\t\t\t<ul>\n\t\t\t\t\t\t\t\t\t\t\t\t\t<li>\n\t\t\t\t\t\t\t\t<a href=\"https:\/\/www.facebook.com\/beauvoir.ca\" target=\"_blank\">FB<\/a>\n\t\t\t\t\t\t\t<\/li>\n\t\t\t\t\t\t\t\t\t\t\t\t\t<li>\n\t\t\t\t\t\t\t\t<a href=\"https:\/\/www.instagram.com\/beauvoir.ca\/\" target=\"_blank\">IG<\/a>\n\t\t\t\t\t\t\t<\/li>\n\t\t\t\t\t\t\t\t\t\t\t\t\t<li>\n\t\t\t\t\t\t\t\t<a href=\"https:\/\/www.linkedin.com\/company\/beauvoir-agence\/\" target=\"_blank\">IN<\/a>\n\t\t\t\t\t\t\t<\/li>\n\t\t\t\t\t\t\t\t\t\t\t\t\t<li>\n\t\t\t\t\t\t\t\t<a href=\"https:\/\/vimeo.com\/beauvoiragence\" target=\"_blank\">V<\/a>\n\t\t\t\t\t\t\t<\/li>\n\t\t\t\t\t\t\t\t\t\t\t<\/ul>\n\t\t\t\t<\/div>\n\n\t\t\t\t\t\t\t\t\t<div class=\"b-contact-info wysiwyg\" style=\"text-align: center; color: white; margin-bottom: 2rem; font-size: 0.95rem; line-height: 1.4em; @media screen and (max-width: 991px){ font-size: 0.8rem; }\">\n\t\t\t\t\t\t<p>Beauvoir Creative Agency has appointed Thomas Bargone Fisette, CRHA, Director of Human Resources, as the Privacy Officer. You can contact him at <a href=\"mailto:vieprivee@beauvoir.ca\">vieprivee@beauvoir.ca<\/a>.<\/p>\n\n\t\t\t\t\t<\/div>\n\t\t\t\t\n\t\t\t\t<div class=\"b-contact-logo\">\n\t\t\t\t\t<img decoding=\"async\" src=\"https:\/\/beauvoir.ca\/app\/themes\/beauvoir\/resources\/..\/dist\/images\/logo-full-white.svg\">\n\t\t\t\t<\/div>\n\n\t\t\t\t\t\t\t\t\t<div class=\"b-contact-privacy-link wysiwyg\">\n\t\t\t\t\t\t<p>\n\t\t\t\t\t\t\t<a href=\"https:\/\/beauvoir.ca\/en\/privacy-policy\/\">\n\t\t\t\t\t\t\t\tPrivacy Policy\n\t\t\t\t\t\t\t<\/a>\n\t\t\t\t\t\t<\/p>\n\t\t\t\t\t<\/div>\n\t\t\t\t\t\t\t<\/div>\n\n\t\t<\/div>\n\n\t<\/div>\n<\/section>","protected":false},"excerpt":{"rendered":"","protected":false},"author":1,"featured_media":0,"parent":0,"menu_order":0,"comment_status":"closed","ping_status":"closed","template":"","meta":{"_acf_changed":false,"inline_featured_image":false,"footnotes":""},"class_list":["post-5561","page","type-page","status-publish","hentry"],"acf":[],"yoast_head":"<!-- This site is optimized with the Yoast SEO plugin v24.8.1 - https:\/\/yoast.com\/wordpress\/plugins\/seo\/ -->\n<title>Meet Beauvoir, an award-winning Canadian creative agency<\/title>\n<meta name=\"description\" content=\"With a couple of Sites of the day and a World Luxury Award under our belt in 2019, Beauvoir is ready to tackle your communication challenges too in 2020.\" \/>\n<meta name=\"robots\" content=\"index, follow, max-snippet:-1, max-image-preview:large, max-video-preview:-1\" \/>\n<link rel=\"canonical\" href=\"https:\/\/beauvoir.ca\/en\/meet-beauvoir-2\/\" \/>\n<meta property=\"og:locale\" content=\"en_US\" \/>\n<meta property=\"og:type\" content=\"article\" \/>\n<meta property=\"og:title\" content=\"Meet Beauvoir, an award-winning Canadian creative agency\" \/>\n<meta property=\"og:description\" content=\"With a couple of Sites of the day and a World Luxury Award under our belt in 2019, Beauvoir is ready to tackle your communication challenges too in 2020.\" \/>\n<meta property=\"og:url\" content=\"https:\/\/beauvoir.ca\/en\/meet-beauvoir-2\/\" \/>\n<meta property=\"og:site_name\" content=\"Beauvoir\" \/>\n<meta property=\"article:modified_time\" content=\"2020-05-27T14:15:38+00:00\" \/>\n<meta property=\"og:image\" content=\"https:\/\/cdn.beauvoir.ca\/uploads\/2019\/09\/beauvoir-agence-creative-integree-facebook-1200x630.jpg\" \/>\n\t<meta property=\"og:image:width\" content=\"1200\" \/>\n\t<meta property=\"og:image:height\" content=\"630\" \/>\n\t<meta property=\"og:image:type\" content=\"image\/jpeg\" \/>\n<meta name=\"twitter:card\" content=\"summary_large_image\" \/>\n<script type=\"application\/ld+json\" class=\"yoast-schema-graph\">{\"@context\":\"https:\/\/schema.org\",\"@graph\":[{\"@type\":\"WebPage\",\"@id\":\"https:\/\/beauvoir.ca\/en\/meet-beauvoir-2\/\",\"url\":\"https:\/\/beauvoir.ca\/en\/meet-beauvoir-2\/\",\"name\":\"Meet Beauvoir, an award-winning Canadian creative agency\",\"isPartOf\":{\"@id\":\"https:\/\/beauvoir.ca\/#website\"},\"datePublished\":\"2020-02-25T19:51:35+00:00\",\"dateModified\":\"2020-05-27T14:15:38+00:00\",\"description\":\"With a couple of Sites of the day and a World Luxury Award under our belt in 2019, Beauvoir is ready to tackle your communication challenges too in 2020.\",\"breadcrumb\":{\"@id\":\"https:\/\/beauvoir.ca\/en\/meet-beauvoir-2\/#breadcrumb\"},\"inLanguage\":\"en-CA\",\"potentialAction\":[{\"@type\":\"ReadAction\",\"target\":[\"https:\/\/beauvoir.ca\/en\/meet-beauvoir-2\/\"]}]},{\"@type\":\"BreadcrumbList\",\"@id\":\"https:\/\/beauvoir.ca\/en\/meet-beauvoir-2\/#breadcrumb\",\"itemListElement\":[{\"@type\":\"ListItem\",\"position\":1,\"name\":\"Accueil\",\"item\":\"https:\/\/beauvoir.ca\/en\/\"},{\"@type\":\"ListItem\",\"position\":2,\"name\":\"Meet Beauvoir\"}]},{\"@type\":\"WebSite\",\"@id\":\"https:\/\/beauvoir.ca\/#website\",\"url\":\"https:\/\/beauvoir.ca\/\",\"name\":\"Beauvoir\",\"description\":\"Agence Cr\u00e9ative Int\u00e9gr\u00e9e\",\"potentialAction\":[{\"@type\":\"SearchAction\",\"target\":{\"@type\":\"EntryPoint\",\"urlTemplate\":\"https:\/\/beauvoir.ca\/?s={search_term_string}\"},\"query-input\":{\"@type\":\"PropertyValueSpecification\",\"valueRequired\":true,\"valueName\":\"search_term_string\"}}],\"inLanguage\":\"en-CA\"}]}<\/script>\n<!-- \/ Yoast SEO plugin. -->","yoast_head_json":{"title":"Meet Beauvoir, an award-winning Canadian creative agency","description":"With a couple of Sites of the day and a World Luxury Award under our belt in 2019, Beauvoir is ready to tackle your communication challenges too in 2020.","robots":{"index":"index","follow":"follow","max-snippet":"max-snippet:-1","max-image-preview":"max-image-preview:large","max-video-preview":"max-video-preview:-1"},"canonical":"https:\/\/beauvoir.ca\/en\/meet-beauvoir-2\/","og_locale":"en_US","og_type":"article","og_title":"Meet Beauvoir, an award-winning Canadian creative agency","og_description":"With a couple of Sites of the day and a World Luxury Award under our belt in 2019, Beauvoir is ready to tackle your communication challenges too in 2020.","og_url":"https:\/\/beauvoir.ca\/en\/meet-beauvoir-2\/","og_site_name":"Beauvoir","article_modified_time":"2020-05-27T14:15:38+00:00","og_image":[{"width":1200,"height":630,"url":"https:\/\/cdn.beauvoir.ca\/uploads\/2019\/09\/beauvoir-agence-creative-integree-facebook-1200x630.jpg","type":"image\/jpeg"}],"twitter_card":"summary_large_image","schema":{"@context":"https:\/\/schema.org","@graph":[{"@type":"WebPage","@id":"https:\/\/beauvoir.ca\/en\/meet-beauvoir-2\/","url":"https:\/\/beauvoir.ca\/en\/meet-beauvoir-2\/","name":"Meet Beauvoir, an award-winning Canadian creative agency","isPartOf":{"@id":"https:\/\/beauvoir.ca\/#website"},"datePublished":"2020-02-25T19:51:35+00:00","dateModified":"2020-05-27T14:15:38+00:00","description":"With a couple of Sites of the day and a World Luxury Award under our belt in 2019, Beauvoir is ready to tackle your communication challenges too in 2020.","breadcrumb":{"@id":"https:\/\/beauvoir.ca\/en\/meet-beauvoir-2\/#breadcrumb"},"inLanguage":"en-CA","potentialAction":[{"@type":"ReadAction","target":["https:\/\/beauvoir.ca\/en\/meet-beauvoir-2\/"]}]},{"@type":"BreadcrumbList","@id":"https:\/\/beauvoir.ca\/en\/meet-beauvoir-2\/#breadcrumb","itemListElement":[{"@type":"ListItem","position":1,"name":"Accueil","item":"https:\/\/beauvoir.ca\/en\/"},{"@type":"ListItem","position":2,"name":"Meet Beauvoir"}]},{"@type":"WebSite","@id":"https:\/\/beauvoir.ca\/#website","url":"https:\/\/beauvoir.ca\/","name":"Beauvoir","description":"Agence Cr\u00e9ative Int\u00e9gr\u00e9e","potentialAction":[{"@type":"SearchAction","target":{"@type":"EntryPoint","urlTemplate":"https:\/\/beauvoir.ca\/?s={search_term_string}"},"query-input":{"@type":"PropertyValueSpecification","valueRequired":true,"valueName":"search_term_string"}}],"inLanguage":"en-CA"}]}},"_links":{"self":[{"href":"https:\/\/beauvoir.ca\/en\/wp-json\/wp\/v2\/pages\/5561","targetHints":{"allow":["GET"]}}],"collection":[{"href":"https:\/\/beauvoir.ca\/en\/wp-json\/wp\/v2\/pages"}],"about":[{"href":"https:\/\/beauvoir.ca\/en\/wp-json\/wp\/v2\/types\/page"}],"author":[{"embeddable":true,"href":"https:\/\/beauvoir.ca\/en\/wp-json\/wp\/v2\/users\/1"}],"replies":[{"embeddable":true,"href":"https:\/\/beauvoir.ca\/en\/wp-json\/wp\/v2\/comments?post=5561"}],"version-history":[{"count":0,"href":"https:\/\/beauvoir.ca\/en\/wp-json\/wp\/v2\/pages\/5561\/revisions"}],"wp:attachment":[{"href":"https:\/\/beauvoir.ca\/en\/wp-json\/wp\/v2\/media?parent=5561"}],"curies":[{"name":"wp","href":"https:\/\/api.w.org\/{rel}","templated":true}]}}