{"id":2408,"date":"2019-08-27T17:23:51","date_gmt":"2019-08-27T17:23:51","guid":{"rendered":"http:\/\/beauvoir.ca\/services\/production-video\/"},"modified":"2019-09-25T19:12:09","modified_gmt":"2019-09-25T19:12:09","slug":"video-production","status":"publish","type":"page","link":"https:\/\/beauvoir.ca\/en\/services\/video-production\/","title":{"rendered":"Video production"},"content":{"rendered":"<section class=\"b-header-text style-\" data-block data-watch data-watch-delay=\"2060\">\n\t<div class=\"container\">\n\n\t\t\t\t\t<div class=\"b-header-text-heading wysiwyg\" data-break-lines=\"h1,h2,h3\">\n\t\t\t\t<h1>Video production<\/h1>\n\n\t\t\t<\/div>\n\t\t\n\t\t\t\t\t<div class=\"b-header-text-content wysiwyg\">\n\t\t\t\t<p>Online consumers\u2019 favourite type of content<\/p>\n\n\t\t\t<\/div>\n\t\t\n\t<\/div>\n<\/section>\n\n<section class=\"b-arrow-down\" data-block data-watch data-watch-delay=\"60\">\n\t<div class=\"container\">\n\t\t<div class=\"b-arrow-down-arrow\">\n\t\t\t<div class=\"b-arrow-down-arrow-bar\"><\/div>\n\t\t\t<div class=\"b-arrow-down-arrow-top\"><\/div>\n\t\t\t<div class=\"b-arrow-down-arrow-bot\"><\/div>\n\t\t<\/div>\n\t<\/div>\n<\/section>\n\n<section class=\"b-text-aside\" data-block data-watch data-watch-delay=\"60\">\n\t<div class=\"container\">\n\n\t\t\t\t\t<div class=\"b-text-aside-heading wysiwyg\" data-break-lines=\"h1,h2,h3\">\n\t\t\t\t<h2>And one of Beauvoir&#8217;s favourite sports<\/h2>\n\n\t\t\t<\/div>\n\t\t\n\t\t<div class=\"b-text-aside-body\">\n\n\t\t\t<!--div\n\t\t\t\tclass=\"b-text-aside-side\"\n\t\t\t\tdata-scroll-animation=\"transform\"\n\t\t\t\tdata-scroll-animation-format=\"translateY(%v)\"\n\t\t\t\tdata-scroll-animation-min=\"-60\"\n\t\t\t\tdata-scroll-animation-max=\"+60\"\n\t\t\t\tdata-scroll-animation-target=\".image\">\n\t\t\t\t<div class=\"image image--fit \">\n\t\t\t\t<div class=\"frame\">\n\t\t\t\t\t<picture>\n\t\t\t\t\t\t<source srcset=\"https:\/\/cdn.beauvoir.ca\/uploads\/2019\/09\/beauvoir-creation-de-contenu.jpg\" type=\"image\/jpeg\"\/>\n\t\t\t\t\t\t<img data-src=\"https:\/\/cdn.beauvoir.ca\/uploads\/2019\/09\/beauvoir-creation-de-contenu.jpg\" class=\"lazy\">\n\t\t\t\t\t<\/picture>\n\t\t\t\t<\/div>\n\t\t\t<\/div>\n\t\t\t<\/div-->\n\n            <div class=\"b-text-aside-side desktop\">\n                <div class=\"image image--fit \">\n\t\t\t\t<div class=\"frame\">\n\t\t\t\t\t<picture>\n\t\t\t\t\t\t<source srcset=\"https:\/\/cdn.beauvoir.ca\/uploads\/2019\/09\/beauvoir-creation-de-contenu.jpg\" type=\"image\/jpeg\"\/>\n\t\t\t\t\t\t<img data-src=\"https:\/\/cdn.beauvoir.ca\/uploads\/2019\/09\/beauvoir-creation-de-contenu.jpg\" class=\"lazy\">\n\t\t\t\t\t<\/picture>\n\t\t\t\t<\/div>\n\t\t\t<\/div>\n\t\t\t<\/div>\n\n            <div class=\"b-text-aside-side mobile\">\n                                    <div class=\"image image--fit \">\n\t\t\t\t<div class=\"frame\">\n\t\t\t\t\t<picture>\n\t\t\t\t\t\t<source srcset=\"https:\/\/cdn.beauvoir.ca\/uploads\/2019\/09\/beauvoir-creation-de-contenu.jpg\" type=\"image\/jpeg\"\/>\n\t\t\t\t\t\t<img data-src=\"https:\/\/cdn.beauvoir.ca\/uploads\/2019\/09\/beauvoir-creation-de-contenu.jpg\" class=\"lazy\">\n\t\t\t\t\t<\/picture>\n\t\t\t\t<\/div>\n\t\t\t<\/div>\n                \t\t\t<\/div>\n\n\n\n\n\t\t\t<div class=\"b-text-aside-main\">\n\t\t\t\t<div class=\"b-text-aside-content wysiwyg\">\n\t\t\t\t\t<p class=\"text-emphasize\">Regardless of your industry, videos are essential.<\/p>\n<p>By capturing striking images and inputting them into memorable stories, our in-house film crew, video production and motion design teams help our clients fulfill this growing need; important to keep in mind when statistics show that audiences remember 95% of a video\u2019s message, versus a mere 10% for text-only content.<\/p>\n<p>From scriptwriting to final editing, via planning, filming and image management, we go all-out to make brands shine through cutting-edge video creations.<\/p>\n\n\t\t\t\t<\/div>\n\t\t\t<\/div>\n\n\t\t<\/div>\n\n\t<\/div>\n<\/section>\n\n<section class=\"b-text-mosaic\" data-block data-watch data-watch-delay=\"60\">\n\t<div class=\"container\">\n\n\t\t\t\t\t<div class=\"b-text-mosaic-heading wysiwyg\" data-break-lines=\"h1,h2,h3\">\n\t\t\t\t<h2>From video capsules and vignettes to intricate videos<\/h2>\n\n\t\t\t<\/div>\n\t\t\n\t\t\t\t\t<div class=\"b-text-mosaic-content wysiwyg\">\n\t\t\t\t<p>The era of the \u201c30-second tv spot\u201d is over. Although we still produce television commercials, our offering keeps pace with evolving communication technologies. Our team of experts will recommend the best format and media to reach your target audience and maximize your impact. <\/p>\n<p class=\"text-understate\">Advertisements of all kinds<br \/>\nStories<br \/>\nCorporate videos<br \/>\nBrand videos<br \/>\nProduct launch video<br \/>\nTraining videos<br \/>\nRecruitment videos<br \/>\nPre-roll<br \/>\nSales presentations<br \/>\nMotion graphics \/ animations<\/p>\n\n\t\t\t<\/div>\n\t\t\n\t\t<div class=\"b-text-mosaic-images\">\n\t\t\t\t\t\t\t\n\t\t\t<div\n\t\t\t\tclass=\"photo\"\n\t\t\t\tstyle=\"width: 45.138888888889vw; height: 30.902777777778vw; top: -20.833333333333vw; left: 41.666666666667vw; \"\n\t\t\t\tdata-watch\n\t\t\t\tdata-watch-enter=\"0.50\"\n\t\t\t\tdata-watch-class=\"item-visible-on-screen\"\n\t\t\t\tdata-watch-delay=\"1\"\n\t\t\t\tdata-parallax=\"soft\">\n\n\t\t\t\t\n\t\t\t\t\n\t\t\t\t\t\n\t\t\t\t\t<div class=\"image image--mode-background\">\n\t\t\t\t\t\t<div class=\"frame\">\n\t\t\t\t\t\t\t<picture>\n\t\t\t\t\t\t\t\t<source srcset=\"https:\/\/cdn.beauvoir.ca\/uploads\/2019\/09\/2-Beauvoir-Services-Production-Video.jpg\" type=\"image\/jpeg\"\/>\n\t\t\t\t\t\t\t\t<img data-src=\"https:\/\/cdn.beauvoir.ca\/uploads\/2019\/09\/2-Beauvoir-Services-Production-Video.jpg\" class=\"lazy\">\n\t\t\t\t\t\t\t<\/picture>\n\t\t\t\t\t\t<\/div>\n\t\t\t\t\t<\/div>\n\n\t\t\t\t\n\t\t\t\t\n\t\t\t<\/div>\n\n\t\t\n\t\t\t\t\t<\/div>\n\n\t<\/div>\n<\/section>\n\n<section class=\"b-text-inset\" data-block data-watch data-watch-delay=\"60\">\n\t<div class=\"container\">\n\n\t\t\t\t\t<div class=\"b-text-inset-heading wysiwyg\" data-break-lines=\"h1,h2,h3\">\n\t\t\t\t<h2>One word: agility<\/h2>\n\n\t\t\t<\/div>\n\t\t\n\t\t\t\t\t<div class=\"b-text-inset-content wysiwyg\">\n\t\t\t\t<p class=\"text-emphasize\">What does in-house production mean to you? Great efficiency, responsiveness and swift delivery.<\/p>\n<p>Beauvoir accomplishes it all; defining the strategic objectives with you then accompanying you from start to finish. And as our people become experts in your business, a trust is established between Beauvoir and your team.<br \/>\nEffortless collaboration means that transitioning from one step to the next is optimal.<\/p>\n<h4>Strategy<\/h4>\n<p>Pre-production:<\/p>\n<ul>\n<li>Ideation, design and writing<\/li>\n<li>Organization and filming logistics<\/li>\n<li>Research and casting<\/li>\n<\/ul>\n<p>Production:<\/p>\n<ul>\n<li>Agile and \u201coff-road\u201d film crew<\/li>\n<li>Experienced producers<\/li>\n<li>Production<\/li>\n<li>Art direction<\/li>\n<li>Direction of photography<\/li>\n<li>Actors\u2019 direction<\/li>\n<\/ul>\n<p>Post-production:<\/p>\n<ul>\n<li>Editing<\/li>\n<li>Motion design\/Graphics and animation<\/li>\n<li>Colorization<\/li>\n<li>Sound editing (sound design)<\/li>\n<li>Quality control<\/li>\n<\/ul>\n\n\t\t\t<\/div>\n\t\t\n\t<\/div>\n<\/section>\n\n<section class=\"b-text green-foreground\" data-block data-watch data-watch-delay=\"60\">\n\t<div class=\"container\">\n\t\t<div class=\"b-text-content wysiwyg\">\n\t\t\t<p class=\"text-emphasize\">Interested?<\/p>\n<p><a class=\"button button--rect\" href=\"\/en\/contact\/\">Tell us about your project<\/a><\/p>\n\n\t\t<\/div>\n\t<\/div>\n<\/section>\n\n<section class=\"b-navigate green-background white-foreground\" data-block data-watch data-watch-enter=\"0.75\" data-watch-delay=\"60\">\n\t<div class=\"container\">\n\n\t\t<div class=\"b-navigate-overlay wysiwyg\"><\/div>\n\t\t<div class=\"b-navigate-content wysiwyg\">\n\t\t\t<a href=\"https:\/\/beauvoir.ca\/en\/services\/web-development\/\" data-break-lines=\"p\"><p><span class=\"text-space-between\">Scroll for the next<\/span><br \/>\nService<\/p>\n<\/a>\n\t\t<\/div>\n\n\t\t<div class=\"b-navigate-loading\">\n\n\t\t\t<div class=\"b-navigate-loading-content\">\n\t\t\t\t<div class=\"b-navigate-loading-title wysiwyg\"><p><span class=\"text-space-between\">Scroll for the next<\/span><br \/>\nService<\/p>\n<\/div>\n\t\t\t\t<div class=\"b-navigate-loading-value wysiwyg\"><p><span class=\"text-space-between\">Scroll for the next<\/span><br \/>\nService<\/p>\n<\/div>\n\t\t\t<\/div>\n\n\t\t\t\n\t\t<\/div>\n\n\t<\/div>\n<\/section>","protected":false},"excerpt":{"rendered":"","protected":false},"author":1,"featured_media":0,"parent":2269,"menu_order":1,"comment_status":"closed","ping_status":"closed","template":"","meta":{"_acf_changed":false,"inline_featured_image":false,"footnotes":""},"class_list":["post-2408","page","type-page","status-publish","hentry"],"acf":[],"yoast_head":"<!-- This site is optimized with the Yoast SEO plugin v24.8.1 - https:\/\/yoast.com\/wordpress\/plugins\/seo\/ -->\n<title>Video Production | Beauvoir Creative Agency<\/title>\n<meta name=\"description\" content=\"With our talented in-house film and post-production video crew, we have all the tools and skills to make your brand stand out.\" \/>\n<meta name=\"robots\" content=\"index, follow, max-snippet:-1, max-image-preview:large, max-video-preview:-1\" \/>\n<link rel=\"canonical\" href=\"https:\/\/beauvoir.ca\/en\/services\/video-production\/\" \/>\n<meta property=\"og:locale\" content=\"en_US\" \/>\n<meta property=\"og:type\" content=\"article\" \/>\n<meta property=\"og:title\" content=\"Video Production | Beauvoir Creative Agency\" \/>\n<meta property=\"og:description\" content=\"With our talented in-house film and post-production video crew, we have all the tools and skills to make your brand stand out.\" \/>\n<meta property=\"og:url\" content=\"https:\/\/beauvoir.ca\/en\/services\/video-production\/\" \/>\n<meta property=\"og:site_name\" content=\"Beauvoir\" \/>\n<meta property=\"article:modified_time\" content=\"2019-09-25T19:12:09+00:00\" \/>\n<meta property=\"og:image\" content=\"https:\/\/cdn.beauvoir.ca\/uploads\/2019\/09\/beauvoir-agence-creative-integree-facebook-1200x630.jpg\" \/>\n\t<meta property=\"og:image:width\" content=\"1200\" \/>\n\t<meta property=\"og:image:height\" content=\"630\" \/>\n\t<meta property=\"og:image:type\" content=\"image\/jpeg\" \/>\n<meta name=\"twitter:card\" content=\"summary_large_image\" \/>\n<script type=\"application\/ld+json\" class=\"yoast-schema-graph\">{\"@context\":\"https:\/\/schema.org\",\"@graph\":[{\"@type\":\"WebPage\",\"@id\":\"https:\/\/beauvoir.ca\/en\/services\/video-production\/\",\"url\":\"https:\/\/beauvoir.ca\/en\/services\/video-production\/\",\"name\":\"Video Production | Beauvoir Creative Agency\",\"isPartOf\":{\"@id\":\"https:\/\/beauvoir.ca\/#website\"},\"datePublished\":\"2019-08-27T17:23:51+00:00\",\"dateModified\":\"2019-09-25T19:12:09+00:00\",\"description\":\"With our talented in-house film and post-production video crew, we have all the tools and skills to make your brand stand out.\",\"breadcrumb\":{\"@id\":\"https:\/\/beauvoir.ca\/en\/services\/video-production\/#breadcrumb\"},\"inLanguage\":\"en-CA\",\"potentialAction\":[{\"@type\":\"ReadAction\",\"target\":[\"https:\/\/beauvoir.ca\/en\/services\/video-production\/\"]}]},{\"@type\":\"BreadcrumbList\",\"@id\":\"https:\/\/beauvoir.ca\/en\/services\/video-production\/#breadcrumb\",\"itemListElement\":[{\"@type\":\"ListItem\",\"position\":1,\"name\":\"Accueil\",\"item\":\"https:\/\/beauvoir.ca\/en\/\"},{\"@type\":\"ListItem\",\"position\":2,\"name\":\"Services\",\"item\":\"https:\/\/beauvoir.ca\/en\/services\/\"},{\"@type\":\"ListItem\",\"position\":3,\"name\":\"Video production\"}]},{\"@type\":\"WebSite\",\"@id\":\"https:\/\/beauvoir.ca\/#website\",\"url\":\"https:\/\/beauvoir.ca\/\",\"name\":\"Beauvoir\",\"description\":\"Agence Cr\u00e9ative Int\u00e9gr\u00e9e\",\"potentialAction\":[{\"@type\":\"SearchAction\",\"target\":{\"@type\":\"EntryPoint\",\"urlTemplate\":\"https:\/\/beauvoir.ca\/?s={search_term_string}\"},\"query-input\":{\"@type\":\"PropertyValueSpecification\",\"valueRequired\":true,\"valueName\":\"search_term_string\"}}],\"inLanguage\":\"en-CA\"}]}<\/script>\n<!-- \/ Yoast SEO plugin. -->","yoast_head_json":{"title":"Video Production | Beauvoir Creative Agency","description":"With our talented in-house film and post-production video crew, we have all the tools and skills to make your brand stand out.","robots":{"index":"index","follow":"follow","max-snippet":"max-snippet:-1","max-image-preview":"max-image-preview:large","max-video-preview":"max-video-preview:-1"},"canonical":"https:\/\/beauvoir.ca\/en\/services\/video-production\/","og_locale":"en_US","og_type":"article","og_title":"Video Production | Beauvoir Creative Agency","og_description":"With our talented in-house film and post-production video crew, we have all the tools and skills to make your brand stand out.","og_url":"https:\/\/beauvoir.ca\/en\/services\/video-production\/","og_site_name":"Beauvoir","article_modified_time":"2019-09-25T19:12:09+00:00","og_image":[{"width":1200,"height":630,"url":"https:\/\/cdn.beauvoir.ca\/uploads\/2019\/09\/beauvoir-agence-creative-integree-facebook-1200x630.jpg","type":"image\/jpeg"}],"twitter_card":"summary_large_image","schema":{"@context":"https:\/\/schema.org","@graph":[{"@type":"WebPage","@id":"https:\/\/beauvoir.ca\/en\/services\/video-production\/","url":"https:\/\/beauvoir.ca\/en\/services\/video-production\/","name":"Video Production | Beauvoir Creative Agency","isPartOf":{"@id":"https:\/\/beauvoir.ca\/#website"},"datePublished":"2019-08-27T17:23:51+00:00","dateModified":"2019-09-25T19:12:09+00:00","description":"With our talented in-house film and post-production video crew, we have all the tools and skills to make your brand stand out.","breadcrumb":{"@id":"https:\/\/beauvoir.ca\/en\/services\/video-production\/#breadcrumb"},"inLanguage":"en-CA","potentialAction":[{"@type":"ReadAction","target":["https:\/\/beauvoir.ca\/en\/services\/video-production\/"]}]},{"@type":"BreadcrumbList","@id":"https:\/\/beauvoir.ca\/en\/services\/video-production\/#breadcrumb","itemListElement":[{"@type":"ListItem","position":1,"name":"Accueil","item":"https:\/\/beauvoir.ca\/en\/"},{"@type":"ListItem","position":2,"name":"Services","item":"https:\/\/beauvoir.ca\/en\/services\/"},{"@type":"ListItem","position":3,"name":"Video production"}]},{"@type":"WebSite","@id":"https:\/\/beauvoir.ca\/#website","url":"https:\/\/beauvoir.ca\/","name":"Beauvoir","description":"Agence Cr\u00e9ative Int\u00e9gr\u00e9e","potentialAction":[{"@type":"SearchAction","target":{"@type":"EntryPoint","urlTemplate":"https:\/\/beauvoir.ca\/?s={search_term_string}"},"query-input":{"@type":"PropertyValueSpecification","valueRequired":true,"valueName":"search_term_string"}}],"inLanguage":"en-CA"}]}},"_links":{"self":[{"href":"https:\/\/beauvoir.ca\/en\/wp-json\/wp\/v2\/pages\/2408","targetHints":{"allow":["GET"]}}],"collection":[{"href":"https:\/\/beauvoir.ca\/en\/wp-json\/wp\/v2\/pages"}],"about":[{"href":"https:\/\/beauvoir.ca\/en\/wp-json\/wp\/v2\/types\/page"}],"author":[{"embeddable":true,"href":"https:\/\/beauvoir.ca\/en\/wp-json\/wp\/v2\/users\/1"}],"replies":[{"embeddable":true,"href":"https:\/\/beauvoir.ca\/en\/wp-json\/wp\/v2\/comments?post=2408"}],"version-history":[{"count":0,"href":"https:\/\/beauvoir.ca\/en\/wp-json\/wp\/v2\/pages\/2408\/revisions"}],"up":[{"embeddable":true,"href":"https:\/\/beauvoir.ca\/en\/wp-json\/wp\/v2\/pages\/2269"}],"wp:attachment":[{"href":"https:\/\/beauvoir.ca\/en\/wp-json\/wp\/v2\/media?parent=2408"}],"curies":[{"name":"wp","href":"https:\/\/api.w.org\/{rel}","templated":true}]}}