{"id":2386,"date":"2019-08-30T15:08:42","date_gmt":"2019-08-30T15:08:42","guid":{"rendered":"http:\/\/beauvoir.ca\/services\/design-graphique\/"},"modified":"2019-09-25T19:10:51","modified_gmt":"2019-09-25T19:10:51","slug":"graphic-design","status":"publish","type":"page","link":"https:\/\/beauvoir.ca\/en\/services\/graphic-design\/","title":{"rendered":"Graphic Design"},"content":{"rendered":"<section class=\"b-header-text style-\" data-block data-watch data-watch-delay=\"2060\">\n\t<div class=\"container\">\n\n\t\t\t\t\t<div class=\"b-header-text-heading wysiwyg\" data-break-lines=\"h1,h2,h3\">\n\t\t\t\t<h1>Graphic Design<\/h1>\n\n\t\t\t<\/div>\n\t\t\n\t\t\t\t\t<div class=\"b-header-text-content wysiwyg\">\n\t\t\t\t<p>Our designs provide a land for messages to grow on<\/p>\n\n\t\t\t<\/div>\n\t\t\n\t<\/div>\n<\/section>\n\n<section class=\"b-arrow-down\" data-block data-watch data-watch-delay=\"60\">\n\t<div class=\"container\">\n\t\t<div class=\"b-arrow-down-arrow\">\n\t\t\t<div class=\"b-arrow-down-arrow-bar\"><\/div>\n\t\t\t<div class=\"b-arrow-down-arrow-top\"><\/div>\n\t\t\t<div class=\"b-arrow-down-arrow-bot\"><\/div>\n\t\t<\/div>\n\t<\/div>\n<\/section>\n\n<section class=\"b-text-aside\" data-block data-watch data-watch-delay=\"60\">\n\t<div class=\"container\">\n\n\t\t\t\t\t<div class=\"b-text-aside-heading wysiwyg\" data-break-lines=\"h1,h2,h3\">\n\t\t\t\t<h2>Because words need a place to play<\/h2>\n\n\t\t\t<\/div>\n\t\t\n\t\t<div class=\"b-text-aside-body\">\n\n\t\t\t<!--div\n\t\t\t\tclass=\"b-text-aside-side\"\n\t\t\t\tdata-scroll-animation=\"transform\"\n\t\t\t\tdata-scroll-animation-format=\"translateY(%v)\"\n\t\t\t\tdata-scroll-animation-min=\"-60\"\n\t\t\t\tdata-scroll-animation-max=\"+60\"\n\t\t\t\tdata-scroll-animation-target=\".image\">\n\t\t\t\t<div class=\"image image--fit \">\n\t\t\t\t<div class=\"frame\">\n\t\t\t\t\t<picture>\n\t\t\t\t\t\t<source srcset=\"https:\/\/cdn.beauvoir.ca\/uploads\/2019\/09\/1-Beauvoir-Services-Design-Graphique.jpg\" type=\"image\/jpeg\"\/>\n\t\t\t\t\t\t<img data-src=\"https:\/\/cdn.beauvoir.ca\/uploads\/2019\/09\/1-Beauvoir-Services-Design-Graphique.jpg\" class=\"lazy\">\n\t\t\t\t\t<\/picture>\n\t\t\t\t<\/div>\n\t\t\t<\/div>\n\t\t\t<\/div-->\n\n            <div class=\"b-text-aside-side desktop\">\n                <div class=\"image image--fit \">\n\t\t\t\t<div class=\"frame\">\n\t\t\t\t\t<picture>\n\t\t\t\t\t\t<source srcset=\"https:\/\/cdn.beauvoir.ca\/uploads\/2019\/09\/1-Beauvoir-Services-Design-Graphique.jpg\" type=\"image\/jpeg\"\/>\n\t\t\t\t\t\t<img data-src=\"https:\/\/cdn.beauvoir.ca\/uploads\/2019\/09\/1-Beauvoir-Services-Design-Graphique.jpg\" class=\"lazy\">\n\t\t\t\t\t<\/picture>\n\t\t\t\t<\/div>\n\t\t\t<\/div>\n\t\t\t<\/div>\n\n            <div class=\"b-text-aside-side mobile\">\n                                    <div class=\"image image--fit \">\n\t\t\t\t<div class=\"frame\">\n\t\t\t\t\t<picture>\n\t\t\t\t\t\t<source srcset=\"https:\/\/cdn.beauvoir.ca\/uploads\/2019\/09\/1-Beauvoir-Services-Design-Graphique.jpg\" type=\"image\/jpeg\"\/>\n\t\t\t\t\t\t<img data-src=\"https:\/\/cdn.beauvoir.ca\/uploads\/2019\/09\/1-Beauvoir-Services-Design-Graphique.jpg\" class=\"lazy\">\n\t\t\t\t\t<\/picture>\n\t\t\t\t<\/div>\n\t\t\t<\/div>\n                \t\t\t<\/div>\n\n\n\n\n\t\t\t<div class=\"b-text-aside-main\">\n\t\t\t\t<div class=\"b-text-aside-content wysiwyg\">\n\t\t\t\t\t<p class=\"text-emphasize\">Creating beauty requires talent.<\/p>\n<p>Creating beauty, while respecting all the strategic, ergonomic and technical constraints, requires real expertise. Following the project brief, prior to the first pencil stroke, the artistic directors, graphic designers and account managers take time to reflect on the channels, targets and objectives. This type of vision cannot be taught, it\u2019s acquired over time; it is this, almost obsessive, attention to detail that make our visual creations so powerful, our concepts as relevant as they are elegant. Concepts that draw people to them and create engagement.<\/p>\n\n\t\t\t\t<\/div>\n\t\t\t<\/div>\n\n\t\t<\/div>\n\n\t<\/div>\n<\/section>\n\n<section class=\"b-text-mosaic\" data-block data-watch data-watch-delay=\"60\">\n\t<div class=\"container\">\n\n\t\t\t\t\t<div class=\"b-text-mosaic-heading wysiwyg\" data-break-lines=\"h1,h2,h3\">\n\t\t\t\t<h2>We devise, build and outfit brands<\/h2>\n\n\t\t\t<\/div>\n\t\t\n\t\t\t\t\t<div class=\"b-text-mosaic-content wysiwyg\">\n\t\t\t\t<p>Design is omnipresent; our work is everywhere, in all formats:<\/p>\n<p class=\"text-understate\">Brand identities<br \/>\nLogotypes<br \/>\nArtistic direction<br \/>\nWeb interfaces<br \/>\nCreative platforms<br \/>\nDigital content<br \/>\nSocial networking toolboxes<\/p>\n\n\t\t\t<\/div>\n\t\t\n\t\t<div class=\"b-text-mosaic-images\">\n\t\t\t\t\t\t\t\n\t\t\t<div\n\t\t\t\tclass=\"photo\"\n\t\t\t\tstyle=\"width: 51.388888888889vw; height: 55.555555555556vw; top: -13.888888888889vw; left: 34.722222222222vw; right: 0vw; \"\n\t\t\t\tdata-watch\n\t\t\t\tdata-watch-enter=\"0.50\"\n\t\t\t\tdata-watch-class=\"item-visible-on-screen\"\n\t\t\t\tdata-watch-delay=\"1\"\n\t\t\t\tdata-parallax=\"soft\">\n\n\t\t\t\t\n\t\t\t\t\n\t\t\t\t\t\n\t\t\t\t\t<div class=\"image image--mode-background\">\n\t\t\t\t\t\t<div class=\"frame\">\n\t\t\t\t\t\t\t<picture>\n\t\t\t\t\t\t\t\t<source srcset=\"https:\/\/cdn.beauvoir.ca\/uploads\/2019\/09\/2-Beauvoir-Services-Design-Graphique.jpg\" type=\"image\/jpeg\"\/>\n\t\t\t\t\t\t\t\t<img data-src=\"https:\/\/cdn.beauvoir.ca\/uploads\/2019\/09\/2-Beauvoir-Services-Design-Graphique.jpg\" class=\"lazy\">\n\t\t\t\t\t\t\t<\/picture>\n\t\t\t\t\t\t<\/div>\n\t\t\t\t\t<\/div>\n\n\t\t\t\t\n\t\t\t\t\n\t\t\t<\/div>\n\n\t\t\n\t\t\t\t\t<\/div>\n\n\t<\/div>\n<\/section>\n\n<section class=\"b-text-inset\" data-block data-watch data-watch-delay=\"60\">\n\t<div class=\"container\">\n\n\t\t\t\t\t<div class=\"b-text-inset-heading wysiwyg\" data-break-lines=\"h1,h2,h3\">\n\t\t\t\t<h2>An in-house graphic production studio<\/h2>\n\n\t\t\t<\/div>\n\t\t\n\t\t\t\t\t<div class=\"b-text-inset-content wysiwyg\">\n\t\t\t\t<p class=\"text-emphasize\">Beauvoir\u2019s large production capacity allows it to achieve complex visual communication projects.<\/p>\n<p>From concept to production, thanks to our relationship with printers and media agency brokers, our team offers you turnkey solutions and comprehensive support.<\/p>\n<p>Always bursting with creativity, here is just a sample of the tools that our producers, designers and graphics designers can create:<\/p>\n<p class=\"text-understate\">Websites and microsites<br \/>\nWeb banners and social media banners<br \/>\nAnimation, motion design, multimedia post-production (video editing)<br \/>\nAds of any type<br \/>\nBrochures, leaflets, stationery<br \/>\nAnnual reports<br \/>\nPackaging<br \/>\nSignage<br \/>\nExhibition booths<br \/>\nPhotography<br \/>\nNewsletters<br \/>\nSales tools<\/p>\n\n\t\t\t<\/div>\n\t\t\n\t<\/div>\n<\/section>\n\n<section class=\"b-text green-foreground\" data-block data-watch data-watch-delay=\"60\">\n\t<div class=\"container\">\n\t\t<div class=\"b-text-content wysiwyg\">\n\t\t\t<p class=\"text-emphasize\">Interested?<\/p>\n<p><a class=\"button button--rect\" href=\"\/en\/contact\/\">Tell us about your project<\/a><\/p>\n\n\t\t<\/div>\n\t<\/div>\n<\/section>\n\n<section class=\"b-navigate green-background white-foreground\" data-block data-watch data-watch-enter=\"0.75\" data-watch-delay=\"60\">\n\t<div class=\"container\">\n\n\t\t<div class=\"b-navigate-overlay wysiwyg\"><\/div>\n\t\t<div class=\"b-navigate-content wysiwyg\">\n\t\t\t<a href=\"https:\/\/beauvoir.ca\/en\/services\/video-production\/\" data-break-lines=\"p\"><p><span class=\"text-space-between\">Scroll for the next<\/span><br \/>\nService<\/p>\n<\/a>\n\t\t<\/div>\n\n\t\t<div class=\"b-navigate-loading\">\n\n\t\t\t<div class=\"b-navigate-loading-content\">\n\t\t\t\t<div class=\"b-navigate-loading-title wysiwyg\"><p><span class=\"text-space-between\">Scroll for the next<\/span><br \/>\nService<\/p>\n<\/div>\n\t\t\t\t<div class=\"b-navigate-loading-value wysiwyg\"><p><span class=\"text-space-between\">Scroll for the next<\/span><br \/>\nService<\/p>\n<\/div>\n\t\t\t<\/div>\n\n\t\t\t\n\t\t<\/div>\n\n\t<\/div>\n<\/section>","protected":false},"excerpt":{"rendered":"","protected":false},"author":1,"featured_media":0,"parent":2269,"menu_order":1,"comment_status":"closed","ping_status":"closed","template":"","meta":{"_acf_changed":false,"inline_featured_image":false,"footnotes":""},"class_list":["post-2386","page","type-page","status-publish","hentry"],"acf":[],"yoast_head":"<!-- This site is optimized with the Yoast SEO plugin v24.8.1 - https:\/\/yoast.com\/wordpress\/plugins\/seo\/ -->\n<title>Graphic Design | Beauvoir Creative Agency<\/title>\n<meta name=\"description\" content=\"For more than 10 years, we&#039;ve been creating stunning and thought-out brand identitites, logos, Web interfaces and digital content.\" \/>\n<meta name=\"robots\" content=\"index, follow, max-snippet:-1, max-image-preview:large, max-video-preview:-1\" \/>\n<link rel=\"canonical\" href=\"https:\/\/beauvoir.ca\/en\/services\/graphic-design\/\" \/>\n<meta property=\"og:locale\" content=\"en_US\" \/>\n<meta property=\"og:type\" content=\"article\" \/>\n<meta property=\"og:title\" content=\"Graphic Design | Beauvoir Creative Agency\" \/>\n<meta property=\"og:description\" content=\"For more than 10 years, we&#039;ve been creating stunning and thought-out brand identitites, logos, Web interfaces and digital content.\" \/>\n<meta property=\"og:url\" content=\"https:\/\/beauvoir.ca\/en\/services\/graphic-design\/\" \/>\n<meta property=\"og:site_name\" content=\"Beauvoir\" \/>\n<meta property=\"article:modified_time\" content=\"2019-09-25T19:10:51+00:00\" \/>\n<meta property=\"og:image\" content=\"https:\/\/cdn.beauvoir.ca\/uploads\/2019\/09\/beauvoir-agence-creative-integree-facebook-1200x630.jpg\" \/>\n\t<meta property=\"og:image:width\" content=\"1200\" \/>\n\t<meta property=\"og:image:height\" content=\"630\" \/>\n\t<meta property=\"og:image:type\" content=\"image\/jpeg\" \/>\n<meta name=\"twitter:card\" content=\"summary_large_image\" \/>\n<script type=\"application\/ld+json\" class=\"yoast-schema-graph\">{\"@context\":\"https:\/\/schema.org\",\"@graph\":[{\"@type\":\"WebPage\",\"@id\":\"https:\/\/beauvoir.ca\/en\/services\/graphic-design\/\",\"url\":\"https:\/\/beauvoir.ca\/en\/services\/graphic-design\/\",\"name\":\"Graphic Design | Beauvoir Creative Agency\",\"isPartOf\":{\"@id\":\"https:\/\/beauvoir.ca\/#website\"},\"datePublished\":\"2019-08-30T15:08:42+00:00\",\"dateModified\":\"2019-09-25T19:10:51+00:00\",\"description\":\"For more than 10 years, we've been creating stunning and thought-out brand identitites, logos, Web interfaces and digital content.\",\"breadcrumb\":{\"@id\":\"https:\/\/beauvoir.ca\/en\/services\/graphic-design\/#breadcrumb\"},\"inLanguage\":\"en-CA\",\"potentialAction\":[{\"@type\":\"ReadAction\",\"target\":[\"https:\/\/beauvoir.ca\/en\/services\/graphic-design\/\"]}]},{\"@type\":\"BreadcrumbList\",\"@id\":\"https:\/\/beauvoir.ca\/en\/services\/graphic-design\/#breadcrumb\",\"itemListElement\":[{\"@type\":\"ListItem\",\"position\":1,\"name\":\"Accueil\",\"item\":\"https:\/\/beauvoir.ca\/en\/\"},{\"@type\":\"ListItem\",\"position\":2,\"name\":\"Services\",\"item\":\"https:\/\/beauvoir.ca\/en\/services\/\"},{\"@type\":\"ListItem\",\"position\":3,\"name\":\"Graphic Design\"}]},{\"@type\":\"WebSite\",\"@id\":\"https:\/\/beauvoir.ca\/#website\",\"url\":\"https:\/\/beauvoir.ca\/\",\"name\":\"Beauvoir\",\"description\":\"Agence Cr\u00e9ative Int\u00e9gr\u00e9e\",\"potentialAction\":[{\"@type\":\"SearchAction\",\"target\":{\"@type\":\"EntryPoint\",\"urlTemplate\":\"https:\/\/beauvoir.ca\/?s={search_term_string}\"},\"query-input\":{\"@type\":\"PropertyValueSpecification\",\"valueRequired\":true,\"valueName\":\"search_term_string\"}}],\"inLanguage\":\"en-CA\"}]}<\/script>\n<!-- \/ Yoast SEO plugin. -->","yoast_head_json":{"title":"Graphic Design | Beauvoir Creative Agency","description":"For more than 10 years, we've been creating stunning and thought-out brand identitites, logos, Web interfaces and digital content.","robots":{"index":"index","follow":"follow","max-snippet":"max-snippet:-1","max-image-preview":"max-image-preview:large","max-video-preview":"max-video-preview:-1"},"canonical":"https:\/\/beauvoir.ca\/en\/services\/graphic-design\/","og_locale":"en_US","og_type":"article","og_title":"Graphic Design | Beauvoir Creative Agency","og_description":"For more than 10 years, we've been creating stunning and thought-out brand identitites, logos, Web interfaces and digital content.","og_url":"https:\/\/beauvoir.ca\/en\/services\/graphic-design\/","og_site_name":"Beauvoir","article_modified_time":"2019-09-25T19:10:51+00:00","og_image":[{"width":1200,"height":630,"url":"https:\/\/cdn.beauvoir.ca\/uploads\/2019\/09\/beauvoir-agence-creative-integree-facebook-1200x630.jpg","type":"image\/jpeg"}],"twitter_card":"summary_large_image","schema":{"@context":"https:\/\/schema.org","@graph":[{"@type":"WebPage","@id":"https:\/\/beauvoir.ca\/en\/services\/graphic-design\/","url":"https:\/\/beauvoir.ca\/en\/services\/graphic-design\/","name":"Graphic Design | Beauvoir Creative Agency","isPartOf":{"@id":"https:\/\/beauvoir.ca\/#website"},"datePublished":"2019-08-30T15:08:42+00:00","dateModified":"2019-09-25T19:10:51+00:00","description":"For more than 10 years, we've been creating stunning and thought-out brand identitites, logos, Web interfaces and digital content.","breadcrumb":{"@id":"https:\/\/beauvoir.ca\/en\/services\/graphic-design\/#breadcrumb"},"inLanguage":"en-CA","potentialAction":[{"@type":"ReadAction","target":["https:\/\/beauvoir.ca\/en\/services\/graphic-design\/"]}]},{"@type":"BreadcrumbList","@id":"https:\/\/beauvoir.ca\/en\/services\/graphic-design\/#breadcrumb","itemListElement":[{"@type":"ListItem","position":1,"name":"Accueil","item":"https:\/\/beauvoir.ca\/en\/"},{"@type":"ListItem","position":2,"name":"Services","item":"https:\/\/beauvoir.ca\/en\/services\/"},{"@type":"ListItem","position":3,"name":"Graphic Design"}]},{"@type":"WebSite","@id":"https:\/\/beauvoir.ca\/#website","url":"https:\/\/beauvoir.ca\/","name":"Beauvoir","description":"Agence Cr\u00e9ative Int\u00e9gr\u00e9e","potentialAction":[{"@type":"SearchAction","target":{"@type":"EntryPoint","urlTemplate":"https:\/\/beauvoir.ca\/?s={search_term_string}"},"query-input":{"@type":"PropertyValueSpecification","valueRequired":true,"valueName":"search_term_string"}}],"inLanguage":"en-CA"}]}},"_links":{"self":[{"href":"https:\/\/beauvoir.ca\/en\/wp-json\/wp\/v2\/pages\/2386","targetHints":{"allow":["GET"]}}],"collection":[{"href":"https:\/\/beauvoir.ca\/en\/wp-json\/wp\/v2\/pages"}],"about":[{"href":"https:\/\/beauvoir.ca\/en\/wp-json\/wp\/v2\/types\/page"}],"author":[{"embeddable":true,"href":"https:\/\/beauvoir.ca\/en\/wp-json\/wp\/v2\/users\/1"}],"replies":[{"embeddable":true,"href":"https:\/\/beauvoir.ca\/en\/wp-json\/wp\/v2\/comments?post=2386"}],"version-history":[{"count":0,"href":"https:\/\/beauvoir.ca\/en\/wp-json\/wp\/v2\/pages\/2386\/revisions"}],"up":[{"embeddable":true,"href":"https:\/\/beauvoir.ca\/en\/wp-json\/wp\/v2\/pages\/2269"}],"wp:attachment":[{"href":"https:\/\/beauvoir.ca\/en\/wp-json\/wp\/v2\/media?parent=2386"}],"curies":[{"name":"wp","href":"https:\/\/api.w.org\/{rel}","templated":true}]}}