{"id":2374,"date":"2019-08-27T17:08:20","date_gmt":"2019-08-27T17:08:20","guid":{"rendered":"http:\/\/beauvoir.ca\/services\/conception-ideation-storytelling\/"},"modified":"2019-09-13T15:49:54","modified_gmt":"2019-09-13T15:49:54","slug":"conception-ideation-storytelling","status":"publish","type":"page","link":"https:\/\/beauvoir.ca\/en\/services\/conception-ideation-storytelling\/","title":{"rendered":"Conception, Ideation, Storytelling"},"content":{"rendered":"<section class=\"b-header-text style-\" data-block data-watch data-watch-delay=\"2060\">\n\t<div class=\"container\">\n\n\t\t\t\t\t<div class=\"b-header-text-heading wysiwyg\" data-break-lines=\"h1,h2,h3\">\n\t\t\t\t<h1>Conception \/ Ideation \/ Storytelling<\/h1>\n\n\t\t\t<\/div>\n\t\t\n\t\t\t\t\t<div class=\"b-header-text-content wysiwyg\">\n\t\t\t\t<p>But first. What\u2019s the story?<\/p>\n\n\t\t\t<\/div>\n\t\t\n\t<\/div>\n<\/section>\n\n<section class=\"b-arrow-down\" data-block data-watch data-watch-delay=\"60\">\n\t<div class=\"container\">\n\t\t<div class=\"b-arrow-down-arrow\">\n\t\t\t<div class=\"b-arrow-down-arrow-bar\"><\/div>\n\t\t\t<div class=\"b-arrow-down-arrow-top\"><\/div>\n\t\t\t<div class=\"b-arrow-down-arrow-bot\"><\/div>\n\t\t<\/div>\n\t<\/div>\n<\/section>\n\n<section class=\"b-text-aside\" data-block data-watch data-watch-delay=\"60\">\n\t<div class=\"container\">\n\n\t\t\t\t\t<div class=\"b-text-aside-heading wysiwyg\" data-break-lines=\"h1,h2,h3\">\n\t\t\t\t<h2>When it comes to the persuasive power of storytelling, we are true believers.<\/h2>\n\n\t\t\t<\/div>\n\t\t\n\t\t<div class=\"b-text-aside-body\">\n\n\t\t\t<!--div\n\t\t\t\tclass=\"b-text-aside-side\"\n\t\t\t\tdata-scroll-animation=\"transform\"\n\t\t\t\tdata-scroll-animation-format=\"translateY(%v)\"\n\t\t\t\tdata-scroll-animation-min=\"-60\"\n\t\t\t\tdata-scroll-animation-max=\"+60\"\n\t\t\t\tdata-scroll-animation-target=\".image\">\n\t\t\t\t<div class=\"image image--fit \">\n\t\t\t\t<div class=\"frame\">\n\t\t\t\t\t<picture>\n\t\t\t\t\t\t<source srcset=\"https:\/\/cdn.beauvoir.ca\/uploads\/2019\/09\/beauvoir-conception-ideation-storytelling-1.jpg\" type=\"image\/jpeg\"\/>\n\t\t\t\t\t\t<img data-src=\"https:\/\/cdn.beauvoir.ca\/uploads\/2019\/09\/beauvoir-conception-ideation-storytelling-1.jpg\" class=\"lazy\">\n\t\t\t\t\t<\/picture>\n\t\t\t\t<\/div>\n\t\t\t<\/div>\n\t\t\t<\/div-->\n\n            <div class=\"b-text-aside-side desktop\">\n                <div class=\"image image--fit \">\n\t\t\t\t<div class=\"frame\">\n\t\t\t\t\t<picture>\n\t\t\t\t\t\t<source srcset=\"https:\/\/cdn.beauvoir.ca\/uploads\/2019\/09\/beauvoir-conception-ideation-storytelling-1.jpg\" type=\"image\/jpeg\"\/>\n\t\t\t\t\t\t<img data-src=\"https:\/\/cdn.beauvoir.ca\/uploads\/2019\/09\/beauvoir-conception-ideation-storytelling-1.jpg\" class=\"lazy\">\n\t\t\t\t\t<\/picture>\n\t\t\t\t<\/div>\n\t\t\t<\/div>\n\t\t\t<\/div>\n\n            <div class=\"b-text-aside-side mobile\">\n                                    <div class=\"image image--fit \">\n\t\t\t\t<div class=\"frame\">\n\t\t\t\t\t<picture>\n\t\t\t\t\t\t<source srcset=\"https:\/\/cdn.beauvoir.ca\/uploads\/2019\/09\/beauvoir-conception-ideation-storytelling-1.jpg\" type=\"image\/jpeg\"\/>\n\t\t\t\t\t\t<img data-src=\"https:\/\/cdn.beauvoir.ca\/uploads\/2019\/09\/beauvoir-conception-ideation-storytelling-1.jpg\" class=\"lazy\">\n\t\t\t\t\t<\/picture>\n\t\t\t\t<\/div>\n\t\t\t<\/div>\n                \t\t\t<\/div>\n\n\n\n\n\t\t\t<div class=\"b-text-aside-main\">\n\t\t\t\t<div class=\"b-text-aside-content wysiwyg\">\n\t\t\t\t\t<p class=\"text-emphasize\">Each brand has a story.<\/p>\n<p>The challenge is to tell it in a way that will touch people and engage audiences. To tap into the power of storytelling through compelling and memorable messages, our writing, advertising and video experts draw inspiration from a creative process centered on the audience they wish to inspire.<\/p>\n\n\t\t\t\t<\/div>\n\t\t\t<\/div>\n\n\t\t<\/div>\n\n\t<\/div>\n<\/section>\n\n<section class=\"b-text-mosaic\" data-block data-watch data-watch-delay=\"60\">\n\t<div class=\"container\">\n\n\t\t\t\t\t<div class=\"b-text-mosaic-heading wysiwyg\" data-break-lines=\"h1,h2,h3\">\n\t\t\t\t<h2>A proven way of doing things<\/h2>\n\n\t\t\t<\/div>\n\t\t\n\t\t\t\t\t<div class=\"b-text-mosaic-content wysiwyg\">\n\t\t\t\t<p class=\"text-emphasize\">From the very first steps, our customers are involved; this way we thoroughly understand the brief, what is at stake, as well as the objectives, key messages, reasons to believe and target audience.<\/p>\n<p>Then comes the exploration phase, in which anything can turn out to be an inspiration, and where we convert the most promising items into creative options. These options are then put to the test to face one of our most demanding audiences, our consulting services and strategist colleagues. Grasping our clients\u2019 needs better than anyone, these experts help take our ideas to the next level. When the concepts have been reworked as per feedback, they are presented to the client. Once a concept is chosen, Beauvoir makes adjustments and final touches.<\/p>\n\n\t\t\t<\/div>\n\t\t\n\t\t<div class=\"b-text-mosaic-images\">\n\t\t\t\t\t\t\t\n\t\t\t<div\n\t\t\t\tclass=\"photo\"\n\t\t\t\tstyle=\"width: 51.388888888889vw; height: 55.555555555556vw; top: -13.888888888889vw; left: 38.888888888889vw; right: 0vw; \"\n\t\t\t\tdata-watch\n\t\t\t\tdata-watch-enter=\"0.50\"\n\t\t\t\tdata-watch-class=\"item-visible-on-screen\"\n\t\t\t\tdata-watch-delay=\"1\"\n\t\t\t\tdata-parallax=\"soft\">\n\n\t\t\t\t\n\t\t\t\t\n\t\t\t\t\t\n\t\t\t\t\t<div class=\"image image--mode-background\">\n\t\t\t\t\t\t<div class=\"frame\">\n\t\t\t\t\t\t\t<picture>\n\t\t\t\t\t\t\t\t<source srcset=\"https:\/\/cdn.beauvoir.ca\/uploads\/2019\/09\/beauvoir-conception-ideation-storytelling-2.jpg\" type=\"image\/jpeg\"\/>\n\t\t\t\t\t\t\t\t<img data-src=\"https:\/\/cdn.beauvoir.ca\/uploads\/2019\/09\/beauvoir-conception-ideation-storytelling-2.jpg\" class=\"lazy\">\n\t\t\t\t\t\t\t<\/picture>\n\t\t\t\t\t\t<\/div>\n\t\t\t\t\t<\/div>\n\n\t\t\t\t\n\t\t\t\t\n\t\t\t<\/div>\n\n\t\t\n\t\t\t\t\t<\/div>\n\n\t<\/div>\n<\/section>\n\n<section class=\"b-text-mosaic\" data-block data-watch data-watch-delay=\"60\">\n\t<div class=\"container\">\n\n\t\t\t\t\t<div class=\"b-text-mosaic-heading wysiwyg\" data-break-lines=\"h1,h2,h3\">\n\t\t\t\t<h2>Sometimes, you have to wander off the beaten track<\/h2>\n\n\t\t\t<\/div>\n\t\t\n\t\t\t\t\t<div class=\"b-text-mosaic-content wysiwyg\">\n\t\t\t\t<p class=\"text-emphasize\">To reach that final, optimal solution sometimes requires a drastic change, an about-face, or a complete transformation of what was initially mapped out.<\/p>\n<p>This may be a bit disconcerting, however, we are used to managing bold campaigns, and we know how to guide our clients through unknown territories. Often, these necessary upheavals lead to a concept that leaves a truly remarkable impression on target audiences.<\/p>\n\n\t\t\t<\/div>\n\t\t\n\t\t<div class=\"b-text-mosaic-images\">\n\t\t\t\t\t<\/div>\n\n\t<\/div>\n<\/section>\n\n<section class=\"b-text-inset\" data-block data-watch data-watch-delay=\"60\">\n\t<div class=\"container\">\n\n\t\t\t\t\t<div class=\"b-text-inset-heading wysiwyg\" data-break-lines=\"h1,h2,h3\">\n\t\t\t\t<h2>Sometimes, simple is best<\/h2>\n\n\t\t\t<\/div>\n\t\t\n\t\t\t\t\t<div class=\"b-text-inset-content wysiwyg\">\n\t\t\t\t<p>Consequently, whether writing a new client story or simply adding a chapter, we always work with passion and detail.<\/p>\n\n\t\t\t<\/div>\n\t\t\n\t<\/div>\n<\/section>\n\n<section class=\"b-text green-foreground\" data-block data-watch data-watch-delay=\"60\">\n\t<div class=\"container\">\n\t\t<div class=\"b-text-content wysiwyg\">\n\t\t\t<p class=\"text-emphasize\">Interested?<\/p>\n<p><a class=\"button button--rect\" href=\"\/en\/contact\/\">Tell us about your project<\/a><\/p>\n\n\t\t<\/div>\n\t<\/div>\n<\/section>\n\n<section class=\"b-navigate green-background white-foreground\" data-block data-watch data-watch-enter=\"0.75\" data-watch-delay=\"60\">\n\t<div class=\"container\">\n\n\t\t<div class=\"b-navigate-overlay wysiwyg\"><\/div>\n\t\t<div class=\"b-navigate-content wysiwyg\">\n\t\t\t<a href=\"https:\/\/beauvoir.ca\/en\/services\/graphic-design\/\" data-break-lines=\"p\"><p><span class=\"text-space-between\">Scroll for the next<\/span><br \/>\nService<\/p>\n<\/a>\n\t\t<\/div>\n\n\t\t<div class=\"b-navigate-loading\">\n\n\t\t\t<div class=\"b-navigate-loading-content\">\n\t\t\t\t<div class=\"b-navigate-loading-title wysiwyg\"><p><span class=\"text-space-between\">Scroll for the next<\/span><br \/>\nService<\/p>\n<\/div>\n\t\t\t\t<div class=\"b-navigate-loading-value wysiwyg\"><p><span class=\"text-space-between\">Scroll for the next<\/span><br \/>\nService<\/p>\n<\/div>\n\t\t\t<\/div>\n\n\t\t\t\n\t\t<\/div>\n\n\t<\/div>\n<\/section>","protected":false},"excerpt":{"rendered":"","protected":false},"author":1,"featured_media":0,"parent":2269,"menu_order":1,"comment_status":"closed","ping_status":"closed","template":"","meta":{"_acf_changed":false,"inline_featured_image":false,"footnotes":""},"class_list":["post-2374","page","type-page","status-publish","hentry"],"acf":[],"yoast_head":"<!-- This site is optimized with the Yoast SEO plugin v24.8.1 - https:\/\/yoast.com\/wordpress\/plugins\/seo\/ -->\n<title>Conception, Ideation and Storytelling | Beauvoir Agency<\/title>\n<meta name=\"description\" content=\"Beauvoir collaborates with exceptional brands to help them tell meaningful and memorable stories.\" \/>\n<meta name=\"robots\" content=\"index, follow, max-snippet:-1, max-image-preview:large, max-video-preview:-1\" \/>\n<link rel=\"canonical\" href=\"https:\/\/beauvoir.ca\/en\/services\/conception-ideation-storytelling\/\" \/>\n<meta property=\"og:locale\" content=\"en_US\" \/>\n<meta property=\"og:type\" content=\"article\" \/>\n<meta property=\"og:title\" content=\"Conception, Ideation and Storytelling | Beauvoir Agency\" \/>\n<meta property=\"og:description\" content=\"Beauvoir collaborates with exceptional brands to help them tell meaningful and memorable stories.\" \/>\n<meta property=\"og:url\" content=\"https:\/\/beauvoir.ca\/en\/services\/conception-ideation-storytelling\/\" \/>\n<meta property=\"og:site_name\" content=\"Beauvoir\" \/>\n<meta property=\"article:modified_time\" content=\"2019-09-13T15:49:54+00:00\" \/>\n<meta property=\"og:image\" content=\"https:\/\/cdn.beauvoir.ca\/uploads\/2019\/09\/beauvoir-agence-creative-integree-facebook-1200x630.jpg\" \/>\n\t<meta property=\"og:image:width\" content=\"1200\" \/>\n\t<meta property=\"og:image:height\" content=\"630\" \/>\n\t<meta property=\"og:image:type\" content=\"image\/jpeg\" \/>\n<meta name=\"twitter:card\" content=\"summary_large_image\" \/>\n<script type=\"application\/ld+json\" class=\"yoast-schema-graph\">{\"@context\":\"https:\/\/schema.org\",\"@graph\":[{\"@type\":\"WebPage\",\"@id\":\"https:\/\/beauvoir.ca\/en\/services\/conception-ideation-storytelling\/\",\"url\":\"https:\/\/beauvoir.ca\/en\/services\/conception-ideation-storytelling\/\",\"name\":\"Conception, Ideation and Storytelling | Beauvoir Agency\",\"isPartOf\":{\"@id\":\"https:\/\/beauvoir.ca\/#website\"},\"datePublished\":\"2019-08-27T17:08:20+00:00\",\"dateModified\":\"2019-09-13T15:49:54+00:00\",\"description\":\"Beauvoir collaborates with exceptional brands to help them tell meaningful and memorable stories.\",\"breadcrumb\":{\"@id\":\"https:\/\/beauvoir.ca\/en\/services\/conception-ideation-storytelling\/#breadcrumb\"},\"inLanguage\":\"en-CA\",\"potentialAction\":[{\"@type\":\"ReadAction\",\"target\":[\"https:\/\/beauvoir.ca\/en\/services\/conception-ideation-storytelling\/\"]}]},{\"@type\":\"BreadcrumbList\",\"@id\":\"https:\/\/beauvoir.ca\/en\/services\/conception-ideation-storytelling\/#breadcrumb\",\"itemListElement\":[{\"@type\":\"ListItem\",\"position\":1,\"name\":\"Accueil\",\"item\":\"https:\/\/beauvoir.ca\/en\/\"},{\"@type\":\"ListItem\",\"position\":2,\"name\":\"Services\",\"item\":\"https:\/\/beauvoir.ca\/en\/services\/\"},{\"@type\":\"ListItem\",\"position\":3,\"name\":\"Conception, Ideation, Storytelling\"}]},{\"@type\":\"WebSite\",\"@id\":\"https:\/\/beauvoir.ca\/#website\",\"url\":\"https:\/\/beauvoir.ca\/\",\"name\":\"Beauvoir\",\"description\":\"Agence Cr\u00e9ative Int\u00e9gr\u00e9e\",\"potentialAction\":[{\"@type\":\"SearchAction\",\"target\":{\"@type\":\"EntryPoint\",\"urlTemplate\":\"https:\/\/beauvoir.ca\/?s={search_term_string}\"},\"query-input\":{\"@type\":\"PropertyValueSpecification\",\"valueRequired\":true,\"valueName\":\"search_term_string\"}}],\"inLanguage\":\"en-CA\"}]}<\/script>\n<!-- \/ Yoast SEO plugin. -->","yoast_head_json":{"title":"Conception, Ideation and Storytelling | Beauvoir Agency","description":"Beauvoir collaborates with exceptional brands to help them tell meaningful and memorable stories.","robots":{"index":"index","follow":"follow","max-snippet":"max-snippet:-1","max-image-preview":"max-image-preview:large","max-video-preview":"max-video-preview:-1"},"canonical":"https:\/\/beauvoir.ca\/en\/services\/conception-ideation-storytelling\/","og_locale":"en_US","og_type":"article","og_title":"Conception, Ideation and Storytelling | Beauvoir Agency","og_description":"Beauvoir collaborates with exceptional brands to help them tell meaningful and memorable stories.","og_url":"https:\/\/beauvoir.ca\/en\/services\/conception-ideation-storytelling\/","og_site_name":"Beauvoir","article_modified_time":"2019-09-13T15:49:54+00:00","og_image":[{"width":1200,"height":630,"url":"https:\/\/cdn.beauvoir.ca\/uploads\/2019\/09\/beauvoir-agence-creative-integree-facebook-1200x630.jpg","type":"image\/jpeg"}],"twitter_card":"summary_large_image","schema":{"@context":"https:\/\/schema.org","@graph":[{"@type":"WebPage","@id":"https:\/\/beauvoir.ca\/en\/services\/conception-ideation-storytelling\/","url":"https:\/\/beauvoir.ca\/en\/services\/conception-ideation-storytelling\/","name":"Conception, Ideation and Storytelling | Beauvoir Agency","isPartOf":{"@id":"https:\/\/beauvoir.ca\/#website"},"datePublished":"2019-08-27T17:08:20+00:00","dateModified":"2019-09-13T15:49:54+00:00","description":"Beauvoir collaborates with exceptional brands to help them tell meaningful and memorable stories.","breadcrumb":{"@id":"https:\/\/beauvoir.ca\/en\/services\/conception-ideation-storytelling\/#breadcrumb"},"inLanguage":"en-CA","potentialAction":[{"@type":"ReadAction","target":["https:\/\/beauvoir.ca\/en\/services\/conception-ideation-storytelling\/"]}]},{"@type":"BreadcrumbList","@id":"https:\/\/beauvoir.ca\/en\/services\/conception-ideation-storytelling\/#breadcrumb","itemListElement":[{"@type":"ListItem","position":1,"name":"Accueil","item":"https:\/\/beauvoir.ca\/en\/"},{"@type":"ListItem","position":2,"name":"Services","item":"https:\/\/beauvoir.ca\/en\/services\/"},{"@type":"ListItem","position":3,"name":"Conception, Ideation, Storytelling"}]},{"@type":"WebSite","@id":"https:\/\/beauvoir.ca\/#website","url":"https:\/\/beauvoir.ca\/","name":"Beauvoir","description":"Agence Cr\u00e9ative Int\u00e9gr\u00e9e","potentialAction":[{"@type":"SearchAction","target":{"@type":"EntryPoint","urlTemplate":"https:\/\/beauvoir.ca\/?s={search_term_string}"},"query-input":{"@type":"PropertyValueSpecification","valueRequired":true,"valueName":"search_term_string"}}],"inLanguage":"en-CA"}]}},"_links":{"self":[{"href":"https:\/\/beauvoir.ca\/en\/wp-json\/wp\/v2\/pages\/2374","targetHints":{"allow":["GET"]}}],"collection":[{"href":"https:\/\/beauvoir.ca\/en\/wp-json\/wp\/v2\/pages"}],"about":[{"href":"https:\/\/beauvoir.ca\/en\/wp-json\/wp\/v2\/types\/page"}],"author":[{"embeddable":true,"href":"https:\/\/beauvoir.ca\/en\/wp-json\/wp\/v2\/users\/1"}],"replies":[{"embeddable":true,"href":"https:\/\/beauvoir.ca\/en\/wp-json\/wp\/v2\/comments?post=2374"}],"version-history":[{"count":0,"href":"https:\/\/beauvoir.ca\/en\/wp-json\/wp\/v2\/pages\/2374\/revisions"}],"up":[{"embeddable":true,"href":"https:\/\/beauvoir.ca\/en\/wp-json\/wp\/v2\/pages\/2269"}],"wp:attachment":[{"href":"https:\/\/beauvoir.ca\/en\/wp-json\/wp\/v2\/media?parent=2374"}],"curies":[{"name":"wp","href":"https:\/\/api.w.org\/{rel}","templated":true}]}}