{"id":2346,"date":"2019-08-27T15:20:33","date_gmt":"2019-08-27T15:20:33","guid":{"rendered":"http:\/\/beauvoir.ca\/services\/campagnes-publicitaires\/"},"modified":"2022-01-07T19:34:22","modified_gmt":"2022-01-07T19:34:22","slug":"advertising-campaigns","status":"publish","type":"page","link":"https:\/\/beauvoir.ca\/en\/services\/advertising-campaigns\/","title":{"rendered":"Advertising Campaigns"},"content":{"rendered":"<section class=\"b-header-text style-\" data-block data-watch data-watch-delay=\"2060\">\n\t<div class=\"container\">\n\n\t\t\t\t\t<div class=\"b-header-text-heading wysiwyg\" data-break-lines=\"h1,h2,h3\">\n\t\t\t\t<h1>Advertising Campaigns<\/h1>\n\n\t\t\t<\/div>\n\t\t\n\t\t\n\t<\/div>\n<\/section>\n\n<section class=\"b-arrow-down\" data-block data-watch data-watch-delay=\"60\">\n\t<div class=\"container\">\n\t\t<div class=\"b-arrow-down-arrow\">\n\t\t\t<div class=\"b-arrow-down-arrow-bar\"><\/div>\n\t\t\t<div class=\"b-arrow-down-arrow-top\"><\/div>\n\t\t\t<div class=\"b-arrow-down-arrow-bot\"><\/div>\n\t\t<\/div>\n\t<\/div>\n<\/section>\n\n<section class=\"b-text-aside\" data-block data-watch data-watch-delay=\"60\">\n\t<div class=\"container\">\n\n\t\t\t\t\t<div class=\"b-text-aside-heading wysiwyg\" data-break-lines=\"h1,h2,h3\">\n\t\t\t\t<h2>Captivating, compelling, targeted and well-delivered concepts<\/h2>\n\n\t\t\t<\/div>\n\t\t\n\t\t<div class=\"b-text-aside-body\">\n\n\t\t\t<!--div\n\t\t\t\tclass=\"b-text-aside-side\"\n\t\t\t\tdata-scroll-animation=\"transform\"\n\t\t\t\tdata-scroll-animation-format=\"translateY(%v)\"\n\t\t\t\tdata-scroll-animation-min=\"-60\"\n\t\t\t\tdata-scroll-animation-max=\"+60\"\n\t\t\t\tdata-scroll-animation-target=\".image\">\n\t\t\t\t<div class=\"image image--fit \">\n\t\t\t\t<div class=\"frame\">\n\t\t\t\t\t<picture>\n\t\t\t\t\t\t<source srcset=\"https:\/\/cdn.beauvoir.ca\/uploads\/2019\/09\/beauvoir-campagne-publicitaire-fibrile.jpg\" type=\"image\/jpeg\"\/>\n\t\t\t\t\t\t<img data-src=\"https:\/\/cdn.beauvoir.ca\/uploads\/2019\/09\/beauvoir-campagne-publicitaire-fibrile.jpg\" class=\"lazy\">\n\t\t\t\t\t<\/picture>\n\t\t\t\t<\/div>\n\t\t\t<\/div>\n\t\t\t<\/div-->\n\n            <div class=\"b-text-aside-side desktop\">\n                <div class=\"image image--fit \">\n\t\t\t\t<div class=\"frame\">\n\t\t\t\t\t<picture>\n\t\t\t\t\t\t<source srcset=\"https:\/\/cdn.beauvoir.ca\/uploads\/2019\/09\/beauvoir-campagne-publicitaire-fibrile.jpg\" type=\"image\/jpeg\"\/>\n\t\t\t\t\t\t<img data-src=\"https:\/\/cdn.beauvoir.ca\/uploads\/2019\/09\/beauvoir-campagne-publicitaire-fibrile.jpg\" class=\"lazy\">\n\t\t\t\t\t<\/picture>\n\t\t\t\t<\/div>\n\t\t\t<\/div>\n\t\t\t<\/div>\n\n            <div class=\"b-text-aside-side mobile\">\n                                    <div class=\"image image--fit \">\n\t\t\t\t<div class=\"frame\">\n\t\t\t\t\t<picture>\n\t\t\t\t\t\t<source srcset=\"https:\/\/cdn.beauvoir.ca\/uploads\/2019\/09\/beauvoir-campagne-publicitaire-fibrile.jpg\" type=\"image\/jpeg\"\/>\n\t\t\t\t\t\t<img data-src=\"https:\/\/cdn.beauvoir.ca\/uploads\/2019\/09\/beauvoir-campagne-publicitaire-fibrile.jpg\" class=\"lazy\">\n\t\t\t\t\t<\/picture>\n\t\t\t\t<\/div>\n\t\t\t<\/div>\n                \t\t\t<\/div>\n\n\n\n\n\t\t\t<div class=\"b-text-aside-main\">\n\t\t\t\t<div class=\"b-text-aside-content wysiwyg\">\n\t\t\t\t\t<p class=\"text-emphasize\">Powered by effective storytelling, anchored in the brand strategy.<\/p>\n<p>Good advertising starts with a well-articulated story, whether it&#8217;s in a magazine spread, a 30-second TV spot or a few Web banner frames. And because the Beauvoir team is first and foremost a team of storytellers, we know how to craft advertising stories that influence your target audience, their behavior, their choices and, ultimately, their purchases.<\/p>\n\n\t\t\t\t<\/div>\n\t\t\t<\/div>\n\n\t\t<\/div>\n\n\t<\/div>\n<\/section>\n\n<section class=\"b-text-mosaic\" data-block data-watch data-watch-delay=\"60\">\n\t<div class=\"container\">\n\n\t\t\t\t\t<div class=\"b-text-mosaic-heading wysiwyg\" data-break-lines=\"h1,h2,h3\">\n\t\t\t\t<h2>THE CREATIVE LEAP: FROM INSIGHT TO BIG IDEA<\/h2>\n\n\t\t\t<\/div>\n\t\t\n\t\t\t\t\t<div class=\"b-text-mosaic-content wysiwyg\">\n\t\t\t\t<p>Effective advertising is also about understanding those it seeks to influence. What&#8217;s the insight, what&#8217;s the target&#8217;s mindset that we can use to seduce it? Through research or, sometimes, a simple discussion, we identify the communication axis, the key messages and, above all, the big idea. That which will not only convince, but also be simple to roll-out in all formats and on every media.<\/p>\n\n\t\t\t<\/div>\n\t\t\n\t\t<div class=\"b-text-mosaic-images\">\n\t\t\t\t\t\t\t\n\t\t\t<div\n\t\t\t\tclass=\"photo\"\n\t\t\t\tstyle=\"width: 48.611111111111vw; height: 27.777777777778vw; top: -13.888888888889vw; left: 45.138888888889vw; \"\n\t\t\t\tdata-watch\n\t\t\t\tdata-watch-enter=\"0.50\"\n\t\t\t\tdata-watch-class=\"item-visible-on-screen\"\n\t\t\t\tdata-watch-delay=\"1\"\n\t\t\t\tdata-parallax=\"soft\">\n\n\t\t\t\t\n\t\t\t\t\n\t\t\t\t\t\n\t\t\t\t\t<div class=\"image image--mode-background\">\n\t\t\t\t\t\t<div class=\"frame\">\n\t\t\t\t\t\t\t<picture>\n\t\t\t\t\t\t\t\t<source srcset=\"https:\/\/cdn.beauvoir.ca\/uploads\/2019\/08\/beauvoir-about-images-lifestyle-1.jpg\" type=\"image\/jpeg\"\/>\n\t\t\t\t\t\t\t\t<img data-src=\"https:\/\/cdn.beauvoir.ca\/uploads\/2019\/08\/beauvoir-about-images-lifestyle-1.jpg\" class=\"lazy\">\n\t\t\t\t\t\t\t<\/picture>\n\t\t\t\t\t\t<\/div>\n\t\t\t\t\t<\/div>\n\n\t\t\t\t\n\t\t\t\t\n\t\t\t<\/div>\n\n\t\t\n\t\t\t\t\t<\/div>\n\n\t<\/div>\n<\/section>\n\n<section class=\"b-text-mosaic\" data-block data-watch data-watch-delay=\"60\">\n\t<div class=\"container\">\n\n\t\t\t\t\t<div class=\"b-text-mosaic-heading wysiwyg\" data-break-lines=\"h1,h2,h3\">\n\t\t\t\t<h2>SO MANY GREAT REASONS TO ADVERTIZE<\/h2>\n\n\t\t\t<\/div>\n\t\t\n\t\t\t\t\t<div class=\"b-text-mosaic-content wysiwyg\">\n\t\t\t\t<p>Your competition is not only agressive but it&#8217;s crowding you? Too few people know about your exceptional products or services? You need to boost your off-season sales? These are all excellent reasons to advertise. Our experts can come up with the most clever ad and showcase it in the best channels and allow you to reach your marketing objectives.<\/p>\n\n\t\t\t<\/div>\n\t\t\n\t\t<div class=\"b-text-mosaic-images\">\n\t\t\t\t\t<\/div>\n\n\t<\/div>\n<\/section>\n\n<section class=\"b-text green-foreground\" data-block data-watch data-watch-delay=\"60\">\n\t<div class=\"container\">\n\t\t<div class=\"b-text-content wysiwyg\">\n\t\t\t<p class=\"text-emphasize\">Interested?<\/p>\n<p><a class=\"button button--rect\" href=\"\/en\/contact\/\">Tell us about your project<\/a><\/p>\n\n\t\t<\/div>\n\t<\/div>\n<\/section>\n\n<section class=\"b-navigate green-background white-foreground\" data-block data-watch data-watch-enter=\"0.75\" data-watch-delay=\"60\">\n\t<div class=\"container\">\n\n\t\t<div class=\"b-navigate-overlay wysiwyg\"><\/div>\n\t\t<div class=\"b-navigate-content wysiwyg\">\n\t\t\t<a href=\"https:\/\/beauvoir.ca\/en\/services\/hr-marketing\/\" data-break-lines=\"p\"><p><span class=\"text-space-between\">Scroll for the next<\/span><br \/>\nService<\/p>\n<\/a>\n\t\t<\/div>\n\n\t\t<div class=\"b-navigate-loading\">\n\n\t\t\t<div class=\"b-navigate-loading-content\">\n\t\t\t\t<div class=\"b-navigate-loading-title wysiwyg\"><p><span class=\"text-space-between\">Scroll for the next<\/span><br \/>\nService<\/p>\n<\/div>\n\t\t\t\t<div class=\"b-navigate-loading-value wysiwyg\"><p><span class=\"text-space-between\">Scroll for the next<\/span><br \/>\nService<\/p>\n<\/div>\n\t\t\t<\/div>\n\n\t\t\t\n\t\t<\/div>\n\n\t<\/div>\n<\/section>","protected":false},"excerpt":{"rendered":"","protected":false},"author":1,"featured_media":0,"parent":2269,"menu_order":1,"comment_status":"closed","ping_status":"closed","template":"","meta":{"_acf_changed":false,"inline_featured_image":false,"footnotes":""},"class_list":["post-2346","page","type-page","status-publish","hentry"],"acf":[],"yoast_head":"<!-- This site is optimized with the Yoast SEO plugin v24.8.1 - https:\/\/yoast.com\/wordpress\/plugins\/seo\/ -->\n<title>Advertising Campaigns - Marketing Content | Beauvoir Creative Agency<\/title>\n<meta name=\"description\" content=\"Advertising campaign \u00e0 la Beauvoir: an up-to-date approach, integrating marketing content, that shines through our media placement expertise.\" \/>\n<meta name=\"robots\" content=\"index, follow, max-snippet:-1, max-image-preview:large, max-video-preview:-1\" \/>\n<link rel=\"canonical\" href=\"https:\/\/beauvoir.ca\/en\/services\/advertising-campaigns\/\" \/>\n<meta property=\"og:locale\" content=\"en_US\" \/>\n<meta property=\"og:type\" content=\"article\" \/>\n<meta property=\"og:title\" content=\"Advertising Campaigns - Marketing Content | Beauvoir Creative Agency\" \/>\n<meta property=\"og:description\" content=\"Advertising campaign \u00e0 la Beauvoir: an up-to-date approach, integrating marketing content, that shines through our media placement expertise.\" \/>\n<meta property=\"og:url\" content=\"https:\/\/beauvoir.ca\/en\/services\/advertising-campaigns\/\" \/>\n<meta property=\"og:site_name\" content=\"Beauvoir\" \/>\n<meta property=\"article:modified_time\" content=\"2022-01-07T19:34:22+00:00\" \/>\n<meta property=\"og:image\" content=\"https:\/\/cdn.beauvoir.ca\/uploads\/2019\/09\/beauvoir-agence-creative-integree-facebook-1200x630.jpg\" \/>\n\t<meta property=\"og:image:width\" content=\"1200\" \/>\n\t<meta property=\"og:image:height\" content=\"630\" \/>\n\t<meta property=\"og:image:type\" content=\"image\/jpeg\" \/>\n<meta name=\"twitter:card\" content=\"summary_large_image\" \/>\n<script type=\"application\/ld+json\" class=\"yoast-schema-graph\">{\"@context\":\"https:\/\/schema.org\",\"@graph\":[{\"@type\":\"WebPage\",\"@id\":\"https:\/\/beauvoir.ca\/en\/services\/advertising-campaigns\/\",\"url\":\"https:\/\/beauvoir.ca\/en\/services\/advertising-campaigns\/\",\"name\":\"Advertising Campaigns - Marketing Content | Beauvoir Creative Agency\",\"isPartOf\":{\"@id\":\"https:\/\/beauvoir.ca\/#website\"},\"datePublished\":\"2019-08-27T15:20:33+00:00\",\"dateModified\":\"2022-01-07T19:34:22+00:00\",\"description\":\"Advertising campaign \u00e0 la Beauvoir: an up-to-date approach, integrating marketing content, that shines through our media placement expertise.\",\"breadcrumb\":{\"@id\":\"https:\/\/beauvoir.ca\/en\/services\/advertising-campaigns\/#breadcrumb\"},\"inLanguage\":\"en-CA\",\"potentialAction\":[{\"@type\":\"ReadAction\",\"target\":[\"https:\/\/beauvoir.ca\/en\/services\/advertising-campaigns\/\"]}]},{\"@type\":\"BreadcrumbList\",\"@id\":\"https:\/\/beauvoir.ca\/en\/services\/advertising-campaigns\/#breadcrumb\",\"itemListElement\":[{\"@type\":\"ListItem\",\"position\":1,\"name\":\"Accueil\",\"item\":\"https:\/\/beauvoir.ca\/en\/\"},{\"@type\":\"ListItem\",\"position\":2,\"name\":\"Services\",\"item\":\"https:\/\/beauvoir.ca\/en\/services\/\"},{\"@type\":\"ListItem\",\"position\":3,\"name\":\"Advertising Campaigns\"}]},{\"@type\":\"WebSite\",\"@id\":\"https:\/\/beauvoir.ca\/#website\",\"url\":\"https:\/\/beauvoir.ca\/\",\"name\":\"Beauvoir\",\"description\":\"Agence Cr\u00e9ative Int\u00e9gr\u00e9e\",\"potentialAction\":[{\"@type\":\"SearchAction\",\"target\":{\"@type\":\"EntryPoint\",\"urlTemplate\":\"https:\/\/beauvoir.ca\/?s={search_term_string}\"},\"query-input\":{\"@type\":\"PropertyValueSpecification\",\"valueRequired\":true,\"valueName\":\"search_term_string\"}}],\"inLanguage\":\"en-CA\"}]}<\/script>\n<!-- \/ Yoast SEO plugin. -->","yoast_head_json":{"title":"Advertising Campaigns - Marketing Content | Beauvoir Creative Agency","description":"Advertising campaign \u00e0 la Beauvoir: an up-to-date approach, integrating marketing content, that shines through our media placement expertise.","robots":{"index":"index","follow":"follow","max-snippet":"max-snippet:-1","max-image-preview":"max-image-preview:large","max-video-preview":"max-video-preview:-1"},"canonical":"https:\/\/beauvoir.ca\/en\/services\/advertising-campaigns\/","og_locale":"en_US","og_type":"article","og_title":"Advertising Campaigns - Marketing Content | Beauvoir Creative Agency","og_description":"Advertising campaign \u00e0 la Beauvoir: an up-to-date approach, integrating marketing content, that shines through our media placement expertise.","og_url":"https:\/\/beauvoir.ca\/en\/services\/advertising-campaigns\/","og_site_name":"Beauvoir","article_modified_time":"2022-01-07T19:34:22+00:00","og_image":[{"width":1200,"height":630,"url":"https:\/\/cdn.beauvoir.ca\/uploads\/2019\/09\/beauvoir-agence-creative-integree-facebook-1200x630.jpg","type":"image\/jpeg"}],"twitter_card":"summary_large_image","schema":{"@context":"https:\/\/schema.org","@graph":[{"@type":"WebPage","@id":"https:\/\/beauvoir.ca\/en\/services\/advertising-campaigns\/","url":"https:\/\/beauvoir.ca\/en\/services\/advertising-campaigns\/","name":"Advertising Campaigns - Marketing Content | Beauvoir Creative Agency","isPartOf":{"@id":"https:\/\/beauvoir.ca\/#website"},"datePublished":"2019-08-27T15:20:33+00:00","dateModified":"2022-01-07T19:34:22+00:00","description":"Advertising campaign \u00e0 la Beauvoir: an up-to-date approach, integrating marketing content, that shines through our media placement expertise.","breadcrumb":{"@id":"https:\/\/beauvoir.ca\/en\/services\/advertising-campaigns\/#breadcrumb"},"inLanguage":"en-CA","potentialAction":[{"@type":"ReadAction","target":["https:\/\/beauvoir.ca\/en\/services\/advertising-campaigns\/"]}]},{"@type":"BreadcrumbList","@id":"https:\/\/beauvoir.ca\/en\/services\/advertising-campaigns\/#breadcrumb","itemListElement":[{"@type":"ListItem","position":1,"name":"Accueil","item":"https:\/\/beauvoir.ca\/en\/"},{"@type":"ListItem","position":2,"name":"Services","item":"https:\/\/beauvoir.ca\/en\/services\/"},{"@type":"ListItem","position":3,"name":"Advertising Campaigns"}]},{"@type":"WebSite","@id":"https:\/\/beauvoir.ca\/#website","url":"https:\/\/beauvoir.ca\/","name":"Beauvoir","description":"Agence Cr\u00e9ative Int\u00e9gr\u00e9e","potentialAction":[{"@type":"SearchAction","target":{"@type":"EntryPoint","urlTemplate":"https:\/\/beauvoir.ca\/?s={search_term_string}"},"query-input":{"@type":"PropertyValueSpecification","valueRequired":true,"valueName":"search_term_string"}}],"inLanguage":"en-CA"}]}},"_links":{"self":[{"href":"https:\/\/beauvoir.ca\/en\/wp-json\/wp\/v2\/pages\/2346","targetHints":{"allow":["GET"]}}],"collection":[{"href":"https:\/\/beauvoir.ca\/en\/wp-json\/wp\/v2\/pages"}],"about":[{"href":"https:\/\/beauvoir.ca\/en\/wp-json\/wp\/v2\/types\/page"}],"author":[{"embeddable":true,"href":"https:\/\/beauvoir.ca\/en\/wp-json\/wp\/v2\/users\/1"}],"replies":[{"embeddable":true,"href":"https:\/\/beauvoir.ca\/en\/wp-json\/wp\/v2\/comments?post=2346"}],"version-history":[{"count":0,"href":"https:\/\/beauvoir.ca\/en\/wp-json\/wp\/v2\/pages\/2346\/revisions"}],"up":[{"embeddable":true,"href":"https:\/\/beauvoir.ca\/en\/wp-json\/wp\/v2\/pages\/2269"}],"wp:attachment":[{"href":"https:\/\/beauvoir.ca\/en\/wp-json\/wp\/v2\/media?parent=2346"}],"curies":[{"name":"wp","href":"https:\/\/api.w.org\/{rel}","templated":true}]}}