{"id":2289,"date":"2019-08-05T13:33:11","date_gmt":"2019-08-05T13:33:11","guid":{"rendered":"http:\/\/beauvoir.ca\/carrieres\/"},"modified":"2022-01-07T14:37:31","modified_gmt":"2022-01-07T14:37:31","slug":"careers-beauvoir-creative-agency","status":"publish","type":"page","link":"https:\/\/beauvoir.ca\/en\/careers-beauvoir-creative-agency\/","title":{"rendered":"Careers"},"content":{"rendered":"<section class=\"b-header-text style-\" data-block data-watch data-watch-delay=\"2060\">\n\t<div class=\"container\">\n\n\t\t\t\t\t<div class=\"b-header-text-heading wysiwyg\" data-break-lines=\"h1,h2,h3\">\n\t\t\t\t<h1><span class=\"text-space-between\">SUFFERING FROM JOB<\/span><br \/>\nWANDERLUST?<\/h1>\n\n\t\t\t<\/div>\n\t\t\n\t\t\t\t\t<div class=\"b-header-text-content wysiwyg\">\n\t\t\t\t<p>Although we do have a ton of fun, this is not a game to us, yet creativity is way more than a job, it&#8217;s a journey. Beauvoir is always looking for passionate people to join our team \/ family \/ tight-knit, happy squad. Words can\u2019t explain, why not come and see for yourself.<\/p>\n\n\t\t\t<\/div>\n\t\t\n\t<\/div>\n<\/section>\n\n<section class=\"b-jobs\" data-block data-watch data-watch-delay=\"60\">\n\t<div class=\"container\">\n\n\t\t<div class=\"b-jobs-heading wysiwyg\" data-break-lines=\"h1,h2,h3\">\n\t\t\t<h2>Available<br>Positions<\/h2>\n\t\t<\/div>\n\n\t\t<div class=\"b-jobs-content wysiwyg\">\n\n\t\t\t \n\t\t<\/div>\n\n\t<\/div>\n<\/section>\n\n<section class=\"b-apply\" data-block data-watch>\n\t<div class=\"container\">\n\t\t<div class=\"b-apply-heading wysiwyg\" data-break-lines=\"h1,h2,h3\">\n\t\t\t\t\t\t\t<h2>Your job is not<br \/>\nin this list?<\/h2>\n<p>Maybe we need you,<br \/>\nbut we just don\u2019t know it yet!<\/p>\n\n\t\t\t\t\t<\/div>\n        \n                <div id=\"form-job\" class=\"wpcf7-form\" lang=\"en-US\" dir=\"ltr\">\r\n\t<div class=\"screen-reader-response\">\r\n\t\t<p role=\"status\" aria-live=\"polite\" aria-atomic=\"true\"><\/p>\r\n\t\t<ul><\/ul>\r\n\t<\/div>\r\n\t<form hx-post=\"\/wp-htmx\/v1\/test\" hx-trigger=\"submit\" hx-swap=\"outerHTML\" hx-target=\"#form-job\" hx-encoding=\"multipart\/form-data\" class=\"wpcf7-form init\" aria-label=\"Contact form\" enctype=\"multipart\/form-data\" data-status=\"init\">\r\n        <input type=\"hidden\" name=\"locale\" value=\"en\" required>\r\n        <div class=\"form-section\">\r\n\t\t\t<div class=\"form-row\">\r\n\t\t\t\t<div class=\"form-field\">\r\n\t\t\t\t\t<p>\r\n\t\t\t\t\t\t<label for=\"name\">Name*<\/label><br>\r\n\t\t\t\t\t\t<span class=\"wpcf7-form-control-wrap\" data-name=\"yourname\">\r\n\t\t\t\t\t\t\t<input size=\"40\" maxlength=\"400\" class=\"wpcf7-form-control wpcf7-text\" value=\"\" type=\"text\" name=\"yourname\" placeholder=\"\">\r\n\t\t\t\t\t\t<\/span>\r\n                        \t\t\t\t\t<\/p>\r\n\t\t\t\t<\/div>\r\n\t\t\t<\/div>\r\n\t\t\t<div class=\"form-row\">\r\n\t\t\t\t<div class=\"form-field\">\r\n\t\t\t\t\t<p><label for=\"email\">Email*<\/label><br>\r\n\t\t\t\t\t\t<span class=\"wpcf7-form-control-wrap\" data-name=\"youremail\">\r\n\t\t\t\t\t\t\t<input size=\"40\" maxlength=\"400\" class=\"wpcf7-form-control wpcf7-email wpcf7-text\" value=\"\" type=\"email\" name=\"youremail\" placeholder=\"\">\r\n\t\t\t\t\t\t<\/span>\r\n                        \t\t\t\t\t<\/p>\r\n\t\t\t\t<\/div>\r\n\t\t\t<\/div>\r\n\t\t\t<div class=\"form-row\">\r\n\t\t\t\t<div class=\"form-field form-field--textarea\">\r\n\t\t\t\t\t<p><label for=\"message\">Tell us about yourself<\/label><br>\r\n\t\t\t\t\t\t<span class=\"wpcf7-form-control-wrap\" data-name=\"yourmessage\">\r\n\t\t\t\t\t\t\t<textarea cols=\"40\" rows=\"10\" maxlength=\"2000\" class=\"wpcf7-form-control wpcf7-textarea\" aria-invalid=\"false\" name=\"yourmessage\" placeholder=\"\"><\/textarea>\r\n\t\t\t\t\t\t<\/span>\r\n                        \t\t\t\t\t<\/p>\r\n\t\t\t\t<\/div>\r\n\t\t\t<\/div>\r\n\t\t\t<div class=\"form-row\">\r\n\t\t\t\t<div class=\"form-field form-field--file\">\r\n\t\t\t\t\t<p><label for=\"cv\">+ CV<\/label>\r\n\t\t\t\t\t<\/p>\r\n\t\t\t\t\t<div class=\"form-file-value\">\r\n\t\t\t\t\t\t<p><span class=\"form-file-value-text\"><\/span><br>\r\n\t\t\t\t\t\t\t<span class=\"wpcf7-form-control-wrap\" data-name=\"yourcv\"><\/span>\r\n\t\t\t\t\t\t<\/p>\r\n\t\t\t\t\t<\/div>\r\n\t\t\t\t\t<input class=\"wpcf7-form-control wpcf7-file\" accept=\".doc,.docx,.pdf\" type=\"file\" name=\"yourcv\">\r\n                    \t\t\t\t<\/div>\r\n\t\t\t<\/div>\r\n\t\t\t<div class=\"form-row\">\r\n\t\t\t\t<div class=\"form-field form-field--file\">\r\n\t\t\t\t\t<p><label for=\"cv\">+ Portfolio<\/label>\r\n\t\t\t\t\t<\/p>\r\n\t\t\t\t\t<div class=\"form-file-value\">\r\n\t\t\t\t\t\t<p><span class=\"form-file-value-text\"><\/span><br>\r\n\t\t\t\t\t\t\t<span class=\"wpcf7-form-control-wrap\" data-name=\"yourportfolio\"><\/span>\r\n\t\t\t\t\t\t<\/p>\r\n\t\t\t\t\t<\/div>\r\n\t\t\t\t\t<input size=\"40\" class=\"wpcf7-form-control wpcf7-file\" accept=\".doc,.docx,.pdf\" aria-invalid=\"false\" type=\"file\" name=\"yourportfolio\" placeholder=\"\">\r\n                    \t\t\t\t<\/div>\r\n\t\t\t<\/div>\r\n\t\t\t<div class=\"form-row\">\r\n\t\t\t\t<div class=\"form-field\">\r\n\t\t\t\t\t<p><label for=\"email\">Web site URL<\/label><br>\r\n\t\t\t\t\t\t<span class=\"wpcf7-form-control-wrap\" data-name=\"yourwebsite\">\r\n\t\t\t\t\t\t\t<input size=\"40\" maxlength=\"400\" class=\"wpcf7-form-control wpcf7-text\" aria-invalid=\"false\" value=\"\" type=\"text\" name=\"yourwebsite\" placeholder=\"\">\r\n\t\t\t\t\t\t<\/span>\r\n                        \t\t\t\t\t<\/p>\r\n\t\t\t\t<\/div>\r\n\t\t\t<\/div>\r\n\t\t\t<div>\r\n\t\t\t\t<input class=\"wpcf7-form-control wpcf7-hidden\" value=\"undefined\" type=\"hidden\" name=\"source\">\r\n\t\t\t<\/div>\r\n\t\t<\/div>\r\n\r\n        \r\n        <script src=\"https:\/\/www.google.com\/recaptcha\/api.js?render=6LeD184cAAAAAKSHojIpjcy8UKr3LucNWBMuHc2m\" defer><\/script>\r\n        <script>\r\n            window.onload = function () {\r\n                grecaptcha.ready(function() {\r\n                    grecaptcha.execute('6LeD184cAAAAAKSHojIpjcy8UKr3LucNWBMuHc2m', {action: 'submit'}).then(function(token) {\r\n                        document.getElementById('recaptcha-token').value = token;\r\n                    });\r\n                });\r\n            }\r\n        <\/script>\r\n        <input type=\"hidden\" id=\"recaptcha-token\" name=\"recaptcha-token\" required>\r\n\r\n\t\t<div class=\"form-footer\">\r\n\t\t\t<div class=\"form-footer-action\">\r\n                \t\t\t\t<p>\r\n\t\t\t\t\t<button type=\"submit\" class=\"button button--rect button--submit\" style=\"display:inline-flex;\">\r\n\t\t\t\t\t\t<span class=\"button-label\" data-label=\"Postuler\">Apply<\/span>\r\n\t\t\t\t\t\t<span class=\"button-arrow\">\r\n\t\t\t\t\t\t\t<span class=\"button-arrow-bar\"><\/span>\r\n\t\t\t\t\t\t\t<span class=\"button-arrow-top\"><\/span>\r\n\t\t\t\t\t\t\t<span class=\"button-arrow-bot\"><\/span>\r\n\t\t\t\t\t\t<\/span>\r\n\t\t\t\t\t\t<span class=\"spinner\"><\/span>\r\n\t\t\t\t\t<\/button>\r\n\t\t\t\t<\/p>\r\n\t\t\t<\/div>\r\n\t\t<\/div>\r\n        \r\n\t<\/form>\r\n<\/div>\r\n<script>\r\n    if (typeof $ !== 'undefined') { \/\/ Will run only when htmx payload\r\n\r\n        $(document).ready(function() {\r\n\r\n            $('.form-field').each(function(i, element) {\r\n                element = $(element)\r\n\r\n                var label = element.find('label')\r\n                var input = element.find('input, select, textarea')\r\n\r\n                if (label.length == 0 ||\r\n                    input.attr('type') == 'radio' ||\r\n                    input.attr('type') == 'checkbox') {\r\n                    return\r\n                }\r\n\r\n                input.attr('placeholder', '')\r\n\r\n                var hasFocus = false\r\n                var hasValue = false\r\n\r\n                function update() {\r\n                    element.toggleClass('form-field--focus', hasFocus)\r\n                    element.toggleClass('form-field--active', hasFocus || hasValue)\r\n                }\r\n\r\n                function value() {\r\n\r\n                    var val = input.val()\r\n                    if (val) {\r\n                        val = val.trim()\r\n                    }\r\n\r\n                    return val\r\n                }\r\n\r\n                input.on('input', function () {\r\n                    hasValue = value().length > 0\r\n                    update()\r\n                })\r\n\r\n                input.on('change', function () {\r\n                    hasValue = value().length > 0\r\n                    update()\r\n                })\r\n\r\n                input.on('focus', function () {\r\n                    hasFocus = true\r\n                    update()\r\n                })\r\n\r\n                input.on('blur', function () {\r\n                    hasFocus = false\r\n                    update()\r\n                })\r\n\r\n                hasValue = value().length > 0\r\n\r\n                update()\r\n            })\r\n        });\r\n    }\r\n<\/script>\n\n\t\t\t<\/div>\n<\/section>\n\n<section class=\"b-navigate beige-background black-foreground\" data-block data-watch data-watch-enter=\"0.75\" data-watch-delay=\"60\">\n\t<div class=\"container\">\n\n\t\t<div class=\"b-navigate-overlay wysiwyg\"><\/div>\n\t\t<div class=\"b-navigate-content wysiwyg\">\n\t\t\t<a href=\"https:\/\/beauvoir.ca\/en\/culture\/\" data-break-lines=\"p\"><p><span class=\"text-space-between\">Scroll to discover our<\/span><br \/>\nCulture<\/p>\n<\/a>\n\t\t<\/div>\n\n\t\t<div class=\"b-navigate-loading\">\n\n\t\t\t<div class=\"b-navigate-loading-content\">\n\t\t\t\t<div class=\"b-navigate-loading-title wysiwyg\"><p><span class=\"text-space-between\">Scroll to discover our<\/span><br \/>\nCulture<\/p>\n<\/div>\n\t\t\t\t<div class=\"b-navigate-loading-value wysiwyg\"><p><span class=\"text-space-between\">Scroll to discover our<\/span><br \/>\nCulture<\/p>\n<\/div>\n\t\t\t<\/div>\n\n\t\t\t\n\t\t<\/div>\n\n\t<\/div>\n<\/section>","protected":false},"excerpt":{"rendered":"","protected":false},"author":1,"featured_media":0,"parent":0,"menu_order":0,"comment_status":"closed","ping_status":"closed","template":"","meta":{"_acf_changed":false,"inline_featured_image":false,"footnotes":""},"class_list":["post-2289","page","type-page","status-publish","hentry"],"acf":[],"yoast_head":"<!-- This site is optimized with the Yoast SEO plugin v24.8.1 - https:\/\/yoast.com\/wordpress\/plugins\/seo\/ -->\n<title>Careers | Beauvoir Creative Agency<\/title>\n<meta name=\"description\" content=\"Beauvoir is always looking to add new talents to our team. Check out our current job openings!\" \/>\n<meta name=\"robots\" content=\"index, follow, max-snippet:-1, max-image-preview:large, max-video-preview:-1\" \/>\n<link rel=\"canonical\" href=\"https:\/\/beauvoir.ca\/en\/careers-beauvoir-creative-agency\/\" \/>\n<meta property=\"og:locale\" content=\"en_US\" \/>\n<meta property=\"og:type\" content=\"article\" \/>\n<meta property=\"og:title\" content=\"Careers | Beauvoir Creative Agency\" \/>\n<meta property=\"og:description\" content=\"Beauvoir is always looking to add new talents to our team. Check out our current job openings!\" \/>\n<meta property=\"og:url\" content=\"https:\/\/beauvoir.ca\/en\/careers-beauvoir-creative-agency\/\" \/>\n<meta property=\"og:site_name\" content=\"Beauvoir\" \/>\n<meta property=\"article:modified_time\" content=\"2022-01-07T14:37:31+00:00\" \/>\n<meta property=\"og:image\" content=\"https:\/\/cdn.beauvoir.ca\/uploads\/2019\/09\/beauvoir-agence-creative-integree-facebook-1200x630.jpg\" \/>\n\t<meta property=\"og:image:width\" content=\"1200\" \/>\n\t<meta property=\"og:image:height\" content=\"630\" \/>\n\t<meta property=\"og:image:type\" content=\"image\/jpeg\" \/>\n<meta name=\"twitter:card\" content=\"summary_large_image\" \/>\n<script type=\"application\/ld+json\" class=\"yoast-schema-graph\">{\"@context\":\"https:\/\/schema.org\",\"@graph\":[{\"@type\":\"WebPage\",\"@id\":\"https:\/\/beauvoir.ca\/en\/careers-beauvoir-creative-agency\/\",\"url\":\"https:\/\/beauvoir.ca\/en\/careers-beauvoir-creative-agency\/\",\"name\":\"Careers | Beauvoir Creative Agency\",\"isPartOf\":{\"@id\":\"https:\/\/beauvoir.ca\/#website\"},\"datePublished\":\"2019-08-05T13:33:11+00:00\",\"dateModified\":\"2022-01-07T14:37:31+00:00\",\"description\":\"Beauvoir is always looking to add new talents to our team. Check out our current job openings!\",\"breadcrumb\":{\"@id\":\"https:\/\/beauvoir.ca\/en\/careers-beauvoir-creative-agency\/#breadcrumb\"},\"inLanguage\":\"en-CA\",\"potentialAction\":[{\"@type\":\"ReadAction\",\"target\":[\"https:\/\/beauvoir.ca\/en\/careers-beauvoir-creative-agency\/\"]}]},{\"@type\":\"BreadcrumbList\",\"@id\":\"https:\/\/beauvoir.ca\/en\/careers-beauvoir-creative-agency\/#breadcrumb\",\"itemListElement\":[{\"@type\":\"ListItem\",\"position\":1,\"name\":\"Accueil\",\"item\":\"https:\/\/beauvoir.ca\/en\/\"},{\"@type\":\"ListItem\",\"position\":2,\"name\":\"Careers\"}]},{\"@type\":\"WebSite\",\"@id\":\"https:\/\/beauvoir.ca\/#website\",\"url\":\"https:\/\/beauvoir.ca\/\",\"name\":\"Beauvoir\",\"description\":\"Agence Cr\u00e9ative Int\u00e9gr\u00e9e\",\"potentialAction\":[{\"@type\":\"SearchAction\",\"target\":{\"@type\":\"EntryPoint\",\"urlTemplate\":\"https:\/\/beauvoir.ca\/?s={search_term_string}\"},\"query-input\":{\"@type\":\"PropertyValueSpecification\",\"valueRequired\":true,\"valueName\":\"search_term_string\"}}],\"inLanguage\":\"en-CA\"}]}<\/script>\n<!-- \/ Yoast SEO plugin. -->","yoast_head_json":{"title":"Careers | Beauvoir Creative Agency","description":"Beauvoir is always looking to add new talents to our team. Check out our current job openings!","robots":{"index":"index","follow":"follow","max-snippet":"max-snippet:-1","max-image-preview":"max-image-preview:large","max-video-preview":"max-video-preview:-1"},"canonical":"https:\/\/beauvoir.ca\/en\/careers-beauvoir-creative-agency\/","og_locale":"en_US","og_type":"article","og_title":"Careers | Beauvoir Creative Agency","og_description":"Beauvoir is always looking to add new talents to our team. Check out our current job openings!","og_url":"https:\/\/beauvoir.ca\/en\/careers-beauvoir-creative-agency\/","og_site_name":"Beauvoir","article_modified_time":"2022-01-07T14:37:31+00:00","og_image":[{"width":1200,"height":630,"url":"https:\/\/cdn.beauvoir.ca\/uploads\/2019\/09\/beauvoir-agence-creative-integree-facebook-1200x630.jpg","type":"image\/jpeg"}],"twitter_card":"summary_large_image","schema":{"@context":"https:\/\/schema.org","@graph":[{"@type":"WebPage","@id":"https:\/\/beauvoir.ca\/en\/careers-beauvoir-creative-agency\/","url":"https:\/\/beauvoir.ca\/en\/careers-beauvoir-creative-agency\/","name":"Careers | Beauvoir Creative Agency","isPartOf":{"@id":"https:\/\/beauvoir.ca\/#website"},"datePublished":"2019-08-05T13:33:11+00:00","dateModified":"2022-01-07T14:37:31+00:00","description":"Beauvoir is always looking to add new talents to our team. Check out our current job openings!","breadcrumb":{"@id":"https:\/\/beauvoir.ca\/en\/careers-beauvoir-creative-agency\/#breadcrumb"},"inLanguage":"en-CA","potentialAction":[{"@type":"ReadAction","target":["https:\/\/beauvoir.ca\/en\/careers-beauvoir-creative-agency\/"]}]},{"@type":"BreadcrumbList","@id":"https:\/\/beauvoir.ca\/en\/careers-beauvoir-creative-agency\/#breadcrumb","itemListElement":[{"@type":"ListItem","position":1,"name":"Accueil","item":"https:\/\/beauvoir.ca\/en\/"},{"@type":"ListItem","position":2,"name":"Careers"}]},{"@type":"WebSite","@id":"https:\/\/beauvoir.ca\/#website","url":"https:\/\/beauvoir.ca\/","name":"Beauvoir","description":"Agence Cr\u00e9ative Int\u00e9gr\u00e9e","potentialAction":[{"@type":"SearchAction","target":{"@type":"EntryPoint","urlTemplate":"https:\/\/beauvoir.ca\/?s={search_term_string}"},"query-input":{"@type":"PropertyValueSpecification","valueRequired":true,"valueName":"search_term_string"}}],"inLanguage":"en-CA"}]}},"_links":{"self":[{"href":"https:\/\/beauvoir.ca\/en\/wp-json\/wp\/v2\/pages\/2289","targetHints":{"allow":["GET"]}}],"collection":[{"href":"https:\/\/beauvoir.ca\/en\/wp-json\/wp\/v2\/pages"}],"about":[{"href":"https:\/\/beauvoir.ca\/en\/wp-json\/wp\/v2\/types\/page"}],"author":[{"embeddable":true,"href":"https:\/\/beauvoir.ca\/en\/wp-json\/wp\/v2\/users\/1"}],"replies":[{"embeddable":true,"href":"https:\/\/beauvoir.ca\/en\/wp-json\/wp\/v2\/comments?post=2289"}],"version-history":[{"count":0,"href":"https:\/\/beauvoir.ca\/en\/wp-json\/wp\/v2\/pages\/2289\/revisions"}],"wp:attachment":[{"href":"https:\/\/beauvoir.ca\/en\/wp-json\/wp\/v2\/media?parent=2289"}],"curies":[{"name":"wp","href":"https:\/\/api.w.org\/{rel}","templated":true}]}}